{"id":67,"date":"2022-04-01T07:33:08","date_gmt":"2022-04-01T07:33:08","guid":{"rendered":"https:\/\/recci.erasmus.site\/?page_id=67"},"modified":"2022-09-30T14:25:06","modified_gmt":"2022-09-30T14:25:06","slug":"about-the-project","status":"publish","type":"page","link":"https:\/\/recci.erasmus.site\/fr\/about-the-project\/","title":{"rendered":"Le projet"},"content":{"rendered":"<p><img fetchpriority=\"high\" decoding=\"async\" class=\"size-medium wp-image-54 alignleft\" src=\"https:\/\/recci.erasmus.site\/wp-content\/uploads\/2022\/04\/light-trails-above-buildings-300x200.jpg\" alt=\"\" width=\"300\" height=\"200\" srcset=\"https:\/\/recci.erasmus.site\/wp-content\/uploads\/2022\/04\/light-trails-above-buildings-300x200.jpg 300w, https:\/\/recci.erasmus.site\/wp-content\/uploads\/2022\/04\/light-trails-above-buildings-1024x684.jpg 1024w, https:\/\/recci.erasmus.site\/wp-content\/uploads\/2022\/04\/light-trails-above-buildings-768x513.jpg 768w, https:\/\/recci.erasmus.site\/wp-content\/uploads\/2022\/04\/light-trails-above-buildings-1536x1025.jpg 1536w, https:\/\/recci.erasmus.site\/wp-content\/uploads\/2022\/04\/light-trails-above-buildings-2048x1367.jpg 2048w\" sizes=\"(max-width: 300px) 100vw, 300px\" \/><\/p>\n<p>Les industries culturelles et cr\u00e9atives, en tant que pilier et catalyseur de la soutenabilit\u00e9, ont un impact direct et indirect sur le d\u00e9veloppement \u00e9conomique et humain des pays de l&rsquo;UE. Et notamment dans les cas de crises sanitaires comme la COVID-19, les acteurs et actrices et des ICC sont appel\u00e9.es \u00e0 r\u00e9pondre aux besoins culturels de la soci\u00e9t\u00e9. De ce fait, les acteurs et actrices des ICC font souvent appel \u00e0 des moyens alternatifs afin d&rsquo;assurer la viabilit\u00e9 de leur mod\u00e8le \u00e9conomique et social. Ainsi, aujourd&rsquo;hui plus que jamais, l&rsquo;adaptabilit\u00e9 est un moyen de garantir la r\u00e9silience des ICC, c&rsquo;est \u00e0 dire leur capacit\u00e9 \u00e0 s&rsquo;adapter en s&rsquo;appuyant sur les ressources disponibles afin de faire face \u00e0 des situations qui peuvent parfois s&rsquo;av\u00e9rer instables. L&rsquo;une des mesures prise pour contenir la pand\u00e9mie de Covid-19 a \u00e9t\u00e9 le confinement de la population et la mise \u00e0 l&rsquo;arr\u00eat de diff\u00e9rents secteurs d&rsquo;activit\u00e9s. Ces mesures ont entrain\u00e9 un changement des pratiques des publics mais aussi das acteurs et actrices des ICC qui ont fait face \u00e0 de nouvelles conditions. L&rsquo;usage d&rsquo;internet et des nouvelles technologies est la plupart du temps le seul moyen de promotion et de distribution des activit\u00e9s des ICC. Comme l&rsquo;on pouvait s&rsquo;y attendre, le manque de flexibilit\u00e9 et de soutient financier de certains Etats europ\u00e9ens en cas de crise (et particuli\u00e8rement pour les crises sanitaires) a eu pour cons\u00e9quence une adaptation tr\u00e8s lente voire quasi inexistante du secteur aux nouvelles technologies. De fait le secteur des ICC n&rsquo;a pu faire preuve de r\u00e9silience contrairement \u00e0 d&rsquo;autres secteurs d&rsquo;activit\u00e9s. L&rsquo;objectif du projet est de former les acteurs et actrices des ICC \u00e0 une s\u00e9rie de savoir faire (hard skill ) et de savoir \u00eatre (soft skill) n\u00e9c\u00e9ssaires aux besoins nouveaux besoins professionnels (comp\u00e9tences num\u00e9riques, savoir se mettre en r\u00e9seau, l&rsquo;esprit commercial, etc.). L&rsquo;id\u00e9e est de fournir des outils appropori\u00e9s aux sp\u00e9cificit\u00e9s du secteur culturel en g\u00e9n\u00e9ral ainsi qu&rsquo;aux besoins individuels et sp\u00e9cifiques de chaque secteur composant les ICC.<\/p>\n<p>Le projet \u00ab\u00a0Rethinking Cultural &amp; Creative Industries\u00a0\u00bb sera un acc\u00e9l\u00e9rateur de transmission de connaissances et de comp\u00e9tences \u00e0 la fois num\u00e9riques et commerciales \u00e0 destination du secteurs culturels et cr\u00e9atifs. Afin de faire face \u00e0 l&rsquo;acceleration des changements (sociaux, \u00e9conomiques, culturels&#8230;) de nos soci\u00e9t\u00e9s, l&rsquo;objectif du projet est d&rsquo;\u00eatre un condend\u00e9 d&rsquo;exemples de bonnes pratiques pour le secteur culturel.<\/p>\n","protected":false},"excerpt":{"rendered":"<p>Les industries culturelles et cr\u00e9atives, en tant que pilier et catalyseur de la soutenabilit\u00e9, ont un impact direct et indirect sur le d\u00e9veloppement \u00e9conomique et humain des pays de l&rsquo;UE. Et notamment dans les cas de crises sanitaires comme la COVID-19, les acteurs et actrices et des ICC sont appel\u00e9.es \u00e0 r\u00e9pondre aux besoins culturels&hellip;&nbsp;<a href=\"https:\/\/recci.erasmus.site\/fr\/about-the-project\/\" rel=\"bookmark\">Lire la suite &raquo;<span class=\"screen-reader-text\">Le projet<\/span><\/a><\/p>\n","protected":false},"author":1,"featured_media":0,"parent":0,"menu_order":0,"comment_status":"closed","ping_status":"closed","template":"","meta":{"neve_meta_sidebar":"","neve_meta_container":"","neve_meta_enable_content_width":"off","neve_meta_content_width":100,"neve_meta_title_alignment":"","neve_meta_author_avatar":"","neve_post_elements_order":"","neve_meta_disable_header":"","neve_meta_disable_footer":"","neve_meta_disable_title":"","footnotes":""},"class_list":["post-67","page","type-page","status-publish","hentry"],"_links":{"self":[{"href":"https:\/\/recci.erasmus.site\/fr\/wp-json\/wp\/v2\/pages\/67","targetHints":{"allow":["GET"]}}],"collection":[{"href":"https:\/\/recci.erasmus.site\/fr\/wp-json\/wp\/v2\/pages"}],"about":[{"href":"https:\/\/recci.erasmus.site\/fr\/wp-json\/wp\/v2\/types\/page"}],"author":[{"embeddable":true,"href":"https:\/\/recci.erasmus.site\/fr\/wp-json\/wp\/v2\/users\/1"}],"replies":[{"embeddable":true,"href":"https:\/\/recci.erasmus.site\/fr\/wp-json\/wp\/v2\/comments?post=67"}],"version-history":[{"count":7,"href":"https:\/\/recci.erasmus.site\/fr\/wp-json\/wp\/v2\/pages\/67\/revisions"}],"predecessor-version":[{"id":219,"href":"https:\/\/recci.erasmus.site\/fr\/wp-json\/wp\/v2\/pages\/67\/revisions\/219"}],"wp:attachment":[{"href":"https:\/\/recci.erasmus.site\/fr\/wp-json\/wp\/v2\/media?parent=67"}],"curies":[{"name":"wp","href":"https:\/\/api.w.org\/{rel}","templated":true}]}}