{"id":87,"date":"2022-04-01T07:45:01","date_gmt":"2022-04-01T07:45:01","guid":{"rendered":"https:\/\/recci.erasmus.site\/?page_id=87"},"modified":"2022-09-30T14:34:46","modified_gmt":"2022-09-30T14:34:46","slug":"partnership","status":"publish","type":"page","link":"https:\/\/recci.erasmus.site\/fr\/partnership\/","title":{"rendered":"Les partenaires"},"content":{"rendered":"<h3 style=\"text-align: center;\"><img fetchpriority=\"high\" decoding=\"async\" class=\"size-medium wp-image-79 aligncenter\" src=\"https:\/\/recci.erasmus.site\/wp-content\/uploads\/2022\/04\/cda-300x300.png\" alt=\"\" width=\"300\" height=\"300\" srcset=\"https:\/\/recci.erasmus.site\/wp-content\/uploads\/2022\/04\/cda.png 300w, https:\/\/recci.erasmus.site\/wp-content\/uploads\/2022\/04\/cda-150x150.png 150w\" sizes=\"(max-width: 300px) 100vw, 300px\" \/><br \/>\nProject coordinator<\/h3>\n<p>Le Centre de d\u00e9veloppement d&rsquo;Arad (CDA) est une association r\u00e9gionale et non gouvernementale. CDA a pour objectif de soutenir le d\u00e9veloppement r\u00e9gional en organisant des activit\u00e9s de promotion, de conseil, d&rsquo;\u00e9ducation, de services et d&rsquo;\u00e9v\u00e9nements, l&rsquo;acc\u00e8s au financement et la mise en \u0153uvre de projets avec des subventions, la coop\u00e9ration locale, le territoire r\u00e9gional ou europ\u00e9en.<br \/>\nCDA Arad a \u00e9t\u00e9 cr\u00e9\u00e9 sur la base de la conclusion n \u00b0 7901 par la Cour de justice du comt\u00e9 d&rsquo;Arad le 11\/12\/2012 (la base juridique est l&rsquo;ordonnance du gouvernement 26\/2000 sur les associations et les fondations).<\/p>\n<p>CDA propose :<\/p>\n<p>Du soutien sur la promotion des services communautaires, des activit\u00e9s de conseils, d&rsquo;\u00e9ducation et \u00e9v\u00e9nementiels.<br \/>\nMise en \u0153uvre de projets financ\u00e9s par des subventions, soutien aux partenariats public-priv\u00e9 (PPP),<br \/>\nun soutien aux entreprises sociales, le transfert de technologie et le march\u00e9 obligataire, la formation et la r\u00e9orientation.<br \/>\nL&rsquo;association est un partenaire actif dans l&rsquo;\u00e9valuation, le d\u00e9veloppement et la mise en \u0153uvre de strat\u00e9gies de d\u00e9veloppement local et r\u00e9gional. La transmission de savoir-faire aux partenariats \u00e9conomiques notamment dans le cadre de projets durables qui se concentrent sur l&rsquo;exploitation des ressources renouvelables, la responsabilit\u00e9 sociale et le d\u00e9veloppement de l&rsquo;\u00e9conomie locale et de la culture.<\/p>\n<p>En tant que partenaire ou leader, nous avons d\u00e9velopp\u00e9 de nombreux projets europ\u00e9ens, comme COSME, les subventions de l&rsquo;EEE, Erasmus+ et ceux au sein de domaines tels que l&rsquo;entrepreneuriat, la protection de l&rsquo;environnement, la sensibilisation des communaut\u00e9s et de l&rsquo;\u00e9ducation.<br \/>\nNous sommes partenaires dans la diffusion d&rsquo;informations sur Horizon 2020, le Programme national pour l&rsquo;agriculture et le d\u00e9veloppement rural, l&rsquo;organisation d&rsquo;\u00e9v\u00e9nements de courtage et de missions d&rsquo;entreprise.<\/p>\n<p>Web: <a href=\"http:\/\/aradcda.ro\" target=\"_blank\" rel=\"noopener\">www.aradcda.ro<\/a><\/p>\n<hr \/>\n<p><img decoding=\"async\" class=\"size-medium wp-image-80 aligncenter\" src=\"https:\/\/recci.erasmus.site\/wp-content\/uploads\/2022\/04\/matera-300x300.png\" alt=\"\" width=\"300\" height=\"300\" srcset=\"https:\/\/recci.erasmus.site\/wp-content\/uploads\/2022\/04\/matera.png 300w, https:\/\/recci.erasmus.site\/wp-content\/uploads\/2022\/04\/matera-150x150.png 150w\" sizes=\"(max-width: 300px) 100vw, 300px\" \/><\/p>\n<p>Materahub g\u00e8re des projets pilotes internationaux afin de soutenir les industries culturelles et cr\u00e9atives, en encourageant l&rsquo;innovation, l&rsquo;inclusion et une nouvelle vision de l&rsquo;entrepreneuriat afin de faire face aux d\u00e9fis contemporains.<\/p>\n<p>Materahub organise plusieurs activit\u00e9s internationales de soutient des capacit\u00e9s, visant \u00e0 la rencontre et \u00e0 la diffusion des comp\u00e9tences entre experts, entrepreneurs et d\u00e9cideurs locaux et internationaux. Il s&rsquo;agit de projets financ\u00e9s par les programmes europ\u00e9ens Erasmus +, Cosme, Interreg, Horizion 2020, etc.<\/p>\n<p>Depuis 2010, Materahub est le coordinateur du programme europ\u00e9en Erasmus pour jeunes entrepreneurs ; depuis 2014, Materahub est le lieu en Italie o\u00f9 se d\u00e9roule la Creative Business Cup, la seule comp\u00e9tition internationale d\u00e9di\u00e9e aux industries culturelles et cr\u00e9atives.<\/p>\n<p>Materahub est membre du district cr\u00e9atif des Pouilles et fait partie du cluster des industries culturelles et cr\u00e9atives Basilicata Creativa. Le Consortium est \u00e9galement inclus dans le r\u00e9seau international CARP qui promeut les itin\u00e9raires culturels sur l&rsquo;art pr\u00e9historique du Conseil de l&rsquo;Europe.<\/p>\n<p>Website: <a href=\"http:\/\/www.materahub.com\" target=\"_blank\" rel=\"noopener\">www.materahub.com<\/a><\/p>\n<hr \/>\n<p><img decoding=\"async\" class=\"size-medium wp-image-81 aligncenter\" src=\"https:\/\/recci.erasmus.site\/wp-content\/uploads\/2022\/04\/bizrupt-300x300.png\" alt=\"\" width=\"300\" height=\"300\" srcset=\"https:\/\/recci.erasmus.site\/wp-content\/uploads\/2022\/04\/bizrupt.png 300w, https:\/\/recci.erasmus.site\/wp-content\/uploads\/2022\/04\/bizrupt-150x150.png 150w\" sizes=\"(max-width: 300px) 100vw, 300px\" \/><br \/>\nBizrupt est une organisation \u00e0 but non lucratif bas\u00e9e sur l&rsquo;\u00eele de Cr\u00e8te, en Gr\u00e8ce. Depuis 2017 l&rsquo;association est un catalyseur d&rsquo;innovation local, elle a cr\u00e9\u00e9 la plus grande communaut\u00e9 entrepreneuriale et a organis\u00e9 deux des plus c\u00e9l\u00e8bres \u00e9v\u00e8nement d\u00e9di\u00e9s \u00e0 l&rsquo;entrepreneuriat en Cr\u00e8te. La vision de Bizrup est de cr\u00e9er un fort \u00e9cosyst\u00e8me d&rsquo;innovation et d&rsquo;entrepreneuriat dans le comt\u00e9 grec pour avoir un d\u00e9veloppement continu et durable pour un avenir meilleur. Elle vise \u00e0 couvrir les besoins d&rsquo;information, de formation et d&rsquo;autonomisation de chaque entrepreneur potentiel et existant, \u00e0 faire reconnaitre l&rsquo;\u00e9chec \u00e0 un niveau professionnel et \u00e0 soutenir des \u00e9cosyst\u00e8mes locaux similaires dans d&rsquo;autres pays europ\u00e9ens.<br \/>\nBizrupt est un partenaire de \u00ab\u00a0Prince&rsquo;s Trust International\u00a0\u00bb pour la r\u00e9gion de Cr\u00e8te dont l&rsquo;objectif est de planifier et de mettre en \u0153uvre des programmes d&rsquo;entrepreneuriat et d&#8217;employabilit\u00e9 \u00e0 destination des jeunes. De plus, Bizrupt a un partenariat avec \u00ab\u00a0ALBA Graduate Business School, The American College of Greece\u00a0\u00bb pour mettre en \u0153uvre le programme entrepreneurial \u00ab\u00a0VentureGardnen\u00a0\u00bb pour la ville d&rsquo;Heraklion et l'\u00a0\u00bbUniversit\u00e9 de Cr\u00e8te\u00a0\u00bb pour mettre en \u0153uvre un programme de renforcement des capacit\u00e9s pour les jeunes chercheurs concernant la commercialisation de la recherche.<\/p>\n<p>Website: <a href=\"https:\/\/bizrupt.gr\" target=\"_blank\" rel=\"noopener\">www.bizrupt.gr<\/a><\/p>\n<hr \/>\n<p><img loading=\"lazy\" decoding=\"async\" class=\"size-medium wp-image-82 aligncenter\" src=\"https:\/\/recci.erasmus.site\/wp-content\/uploads\/2022\/04\/danmar-300x300.png\" alt=\"\" width=\"300\" height=\"300\" srcset=\"https:\/\/recci.erasmus.site\/wp-content\/uploads\/2022\/04\/danmar.png 300w, https:\/\/recci.erasmus.site\/wp-content\/uploads\/2022\/04\/danmar-150x150.png 150w\" sizes=\"(max-width: 300px) 100vw, 300px\" \/><\/p>\n<p>Danmar Computers LLC est une entreprise priv\u00e9e qui op\u00e8re dans le domaine des technologies de l&rsquo;information et propose des formations professionnelles dans ce domaine. Danmar poss\u00e8de une vaste exp\u00e9rience dans le d\u00e9veloppement d&rsquo;applications Web et mobiles utilis\u00e9es \u00e0 des fins \u00e9ducatives. Danmar a \u00e9galement une longue exp\u00e9rience dans la r\u00e9alisation de projets europ\u00e9ens dans le cadre desquels le personnel de R&amp;D de l&rsquo;entreprise effectue des recherches et pr\u00e9pare des formations adapt\u00e9es aux besoins des diff\u00e9rents apprenants. Danmar a mis en \u0153uvre avec succ\u00e8s plus de 90 projets dans le cadre de Grundtvig, Leonardo da Vinci, Progress et r\u00e9cemment Erasmus+.<\/p>\n<p>Dans nombre de ces projets, Danmar \u00e9tait responsable de la conception et de la coordination des strat\u00e9gies de diffusion. Danmar Computers est le d\u00e9veloppeur et le fournisseur d&rsquo;AdminProject, le syst\u00e8me en ligne pour la gestion des projets europ\u00e9ens. Toutes les activit\u00e9s de la soci\u00e9t\u00e9 sont bas\u00e9es sur un r\u00e9seau de coop\u00e9ration \u00e9tendu et bien \u00e9tabli, tant au niveau national qu&rsquo;international. Les r\u00e9seaux nationaux comprennent des institutions de formation et de conseil, des universit\u00e9s, des \u00e9coles, des organisations non gouvernementales ainsi que des entreprises du secteur priv\u00e9. Le r\u00e9seau international comprend des partenaires de diff\u00e9rents profils provenant de tous les pays de l&rsquo;Union europ\u00e9enne. La mission de Danmar Computer est de promouvoir l&rsquo;\u00e9ducation tout au long de la vie et de garantir l&rsquo;\u00e9galit\u00e9 d&rsquo;acc\u00e8s \u00e0 l&rsquo;\u00e9ducation pour tous gr\u00e2ce \u00e0 l&rsquo;utilisation des technologies modernes.<\/p>\n<p>For more information about DANMAR, please visit <a href=\"http:\/\/www.danmar-computers.com.pl\/en\/\" target=\"_blank\" rel=\"noopener\">www.danmar-computers.com.pl\/en\/<\/a><\/p>\n<hr \/>\n<p><img loading=\"lazy\" decoding=\"async\" class=\"size-medium wp-image-83 aligncenter\" src=\"https:\/\/recci.erasmus.site\/wp-content\/uploads\/2022\/04\/artyfarty-300x300.png\" alt=\"\" width=\"300\" height=\"300\" srcset=\"https:\/\/recci.erasmus.site\/wp-content\/uploads\/2022\/04\/artyfarty.png 300w, https:\/\/recci.erasmus.site\/wp-content\/uploads\/2022\/04\/artyfarty-150x150.png 150w\" sizes=\"(max-width: 300px) 100vw, 300px\" \/><\/p>\n<p>N\u00e9e en 1999 \u00e0 Lyon, Arty Farty est une association \u00e0 but non lucratif, europ\u00e9enne et totalement ind\u00e9pendante, au service de la jeunesse, des cultures innovantes, du renouveau d\u00e9mocratique et de l&rsquo;int\u00e9r\u00eat g\u00e9n\u00e9ral. Les domaines d&rsquo;intervention d&rsquo;Arty Farty sont : l&rsquo;entrepreneuriat culturel, la musique, le d\u00e9bat, les forums d&rsquo;id\u00e9es et de conf\u00e9rences, l&rsquo;\u00e9v\u00e9nementiel, le soutien aux projets culturels et m\u00eame le fooding.<\/p>\n<p>Dans cette perspective, Arty Farty cr\u00e9e et organise des \u00e9v\u00e9nements, notamment le festival Nuits Sonores \u00e0 Lyon (depuis 2003), \u00e0 Bruxelles et Bogota (depuis 2017), le forum European Lab \u00e0 Lyon (depuis 2011) et \u00e0 Bruxelles (depuis 2017) et le forum European Lab Winter \u00e0 Paris dans le cadre de La nuit des id\u00e9es depuis 2015.<\/p>\n<p>Enfin, Arty Farty a cr\u00e9\u00e9 l&rsquo;H\u00f4tel71, le premier hub cr\u00e9atif de Lyon. V\u00e9ritable espace de travail et de d\u00e9bat, d&rsquo;innovation et d&rsquo;\u00e9changes. H\u00f4tel71 est un outil de transmission, de ressource et de mise en r\u00e9seau pour inventer, soutenir et d\u00e9velopper des projets dans le domaine des industries culturelles et cr\u00e9atives.<\/p>\n<p>&nbsp;<\/p>\n","protected":false},"excerpt":{"rendered":"<p>Project coordinator Le Centre de d\u00e9veloppement d&rsquo;Arad (CDA) est une association r\u00e9gionale et non gouvernementale. CDA a pour objectif de soutenir le d\u00e9veloppement r\u00e9gional en organisant des activit\u00e9s de promotion, de conseil, d&rsquo;\u00e9ducation, de services et d&rsquo;\u00e9v\u00e9nements, l&rsquo;acc\u00e8s au financement et la mise en \u0153uvre de projets avec des subventions, la coop\u00e9ration locale, le territoire&hellip;&nbsp;<a href=\"https:\/\/recci.erasmus.site\/fr\/partnership\/\" rel=\"bookmark\">Lire la suite &raquo;<span class=\"screen-reader-text\">Les partenaires<\/span><\/a><\/p>\n","protected":false},"author":1,"featured_media":0,"parent":0,"menu_order":0,"comment_status":"closed","ping_status":"closed","template":"","meta":{"neve_meta_sidebar":"","neve_meta_container":"","neve_meta_enable_content_width":"off","neve_meta_content_width":100,"neve_meta_title_alignment":"","neve_meta_author_avatar":"","neve_post_elements_order":"","neve_meta_disable_header":"","neve_meta_disable_footer":"","neve_meta_disable_title":"","footnotes":""},"class_list":["post-87","page","type-page","status-publish","hentry"],"_links":{"self":[{"href":"https:\/\/recci.erasmus.site\/fr\/wp-json\/wp\/v2\/pages\/87","targetHints":{"allow":["GET"]}}],"collection":[{"href":"https:\/\/recci.erasmus.site\/fr\/wp-json\/wp\/v2\/pages"}],"about":[{"href":"https:\/\/recci.erasmus.site\/fr\/wp-json\/wp\/v2\/types\/page"}],"author":[{"embeddable":true,"href":"https:\/\/recci.erasmus.site\/fr\/wp-json\/wp\/v2\/users\/1"}],"replies":[{"embeddable":true,"href":"https:\/\/recci.erasmus.site\/fr\/wp-json\/wp\/v2\/comments?post=87"}],"version-history":[{"count":7,"href":"https:\/\/recci.erasmus.site\/fr\/wp-json\/wp\/v2\/pages\/87\/revisions"}],"predecessor-version":[{"id":222,"href":"https:\/\/recci.erasmus.site\/fr\/wp-json\/wp\/v2\/pages\/87\/revisions\/222"}],"wp:attachment":[{"href":"https:\/\/recci.erasmus.site\/fr\/wp-json\/wp\/v2\/media?parent=87"}],"curies":[{"name":"wp","href":"https:\/\/api.w.org\/{rel}","templated":true}]}}