{"id":94,"date":"2022-04-01T07:56:32","date_gmt":"2022-04-01T07:56:32","guid":{"rendered":"https:\/\/recci.erasmus.site\/?page_id=94"},"modified":"2024-03-13T14:59:07","modified_gmt":"2024-03-13T14:59:07","slug":"project-results","status":"publish","type":"page","link":"https:\/\/recci.erasmus.site\/fr\/project-results\/","title":{"rendered":"R\u00e9sultats du projet"},"content":{"rendered":"<p>PR1 Cadre de comp\u00e9tences pour les industries culturelles et cr\u00e9atives dans le sc\u00e9nario post-pand\u00e9mique du 21\u00e8me si\u00e8cle d\u00e9taillant et d\u00e9crivant les nouvelles comp\u00e9tences ou l&rsquo;innovation dans les comp\u00e9tences existantes n\u00e9cessaires aux ICC apr\u00e8s la pand\u00e9mie de COVID.<\/p>\n<p><div style=\"width: 1200px;\" class=\"wp-video\"><video class=\"wp-video-shortcode\" id=\"video-94-1\" width=\"1200\" height=\"675\" preload=\"metadata\" controls=\"controls\"><source type=\"video\/mp4\" src=\"https:\/\/recci.erasmus.site\/wp-content\/uploads\/2024\/03\/Competence-Framework-for-CCI-Professionals-NEW.mp4?_=1\" \/><a href=\"https:\/\/recci.erasmus.site\/wp-content\/uploads\/2024\/03\/Competence-Framework-for-CCI-Professionals-NEW.mp4\">https:\/\/recci.erasmus.site\/wp-content\/uploads\/2024\/03\/Competence-Framework-for-CCI-Professionals-NEW.mp4<\/a><\/video><\/div><br \/>\n&nbsp;<\/p>\n<p style=\"text-align: center;\"><a class=\"btn btn-primary\" role=\"button\" href=\"https:\/\/recci.erasmus.site\/hub\/framework\" target=\"_blank\" rel=\"noopener\">Ouvrir<\/a><\/p>\n<hr \/>\n<p>PR2 Cours de formation qui couvrira les comp\u00e9tences mises en \u00e9vidence pour les professionnels et interm\u00e9diaires des industries culturelles et cr\u00e9atives afin de soutenir l&rsquo;innovation, la transmission de comp\u00e9tences num\u00e9riques, et l&rsquo;esprit d&rsquo;entreprise afin d&rsquo;atteindre plus de r\u00e9silience.<\/p>\n<p style=\"text-align: center;\"><a class=\"btn btn-primary\" role=\"button\" href=\"https:\/\/recci.erasmus.site\/hub\/training\" target=\"_blank\" rel=\"noopener\">Ouvrir<\/a><\/p>\n<hr \/>\n<p>PR3 Un Learning Hub pour les professionnels des ICC au sein duquel l&rsquo;on trouvera des outils, des espaces d&rsquo;\u00e9changes d&rsquo;exp\u00e9riences et de savoir-faire avec d&rsquo;autres acteurs, enfin les formateurs pourront contribuer et alimenter le partage de connaissance en transmettant des outils, des m\u00e9thodes, etc.<\/p>\n<p style=\"text-align: center;\"><a class=\"btn btn-primary\" role=\"button\" href=\"https:\/\/recci.erasmus.site\/hub\" target=\"_blank\" rel=\"noopener\">Ouvrir<\/a><\/p>\n<hr \/>\n<p>PR4 Un manuel qui permettra a ceux qui souhaitent b\u00e9n\u00e9ficier de la formation sans le soutien du partenariat d&rsquo;\u00eatre en mesure de planifier, d&rsquo;organiser et de dispenser une session de formation individuelle ou en groupe.<\/p>\n<p>R\u00e9sultats intangibles sont li\u00e9s \u00e0 l&rsquo;impact du projet sur le groupe cible et les autres parties prenantes \u00e0 impliquer, et plus particuli\u00e8rement sur la sensibilisation aux besoins entrepreneurial et num\u00e9rique du secteur cr\u00e9atif et culturel ; le d\u00e9veloppement des comp\u00e9tences en mati\u00e8re d&rsquo;entrepreneuriat et de dimension num\u00e9rique pour le secteur cr\u00e9atif et culturel europ\u00e9en ; l&rsquo;\u00e9laboration d&rsquo;une connaissance commune sur l&rsquo;innovation \u00e0 destination des interm\u00e9diaires du secteur et les prestataires de formation apport\u00e9e par le projet en termes de comp\u00e9tences et d&rsquo;offre d&rsquo;apprentissage ; innovation de l&rsquo;offre de formation pour le secteur en mati\u00e8re d&rsquo;entrepreneuriat et de culture num\u00e9rique ; contribution au d\u00e9bat europ\u00e9en sur le r\u00f4le des ICC dans l&rsquo;\u00e9conomie europ\u00e9enne et leur impact sur la soci\u00e9t\u00e9.<\/p>\n<p style=\"text-align: center;\"><a class=\"btn btn-primary\" role=\"button\" href=\"https:\/\/recci.erasmus.site\/hub\/handbook\" target=\"_blank\" rel=\"noopener\">Ouvrir<\/a><\/p>\n","protected":false},"excerpt":{"rendered":"<p>PR1 Cadre de comp\u00e9tences pour les industries culturelles et cr\u00e9atives dans le sc\u00e9nario post-pand\u00e9mique du 21\u00e8me si\u00e8cle d\u00e9taillant et d\u00e9crivant les nouvelles comp\u00e9tences ou l&rsquo;innovation dans les comp\u00e9tences existantes n\u00e9cessaires aux ICC apr\u00e8s la pand\u00e9mie de COVID. &nbsp; Ouvrir PR2 Cours de formation qui couvrira les comp\u00e9tences mises en \u00e9vidence pour les professionnels et interm\u00e9diaires&hellip;&nbsp;<a href=\"https:\/\/recci.erasmus.site\/fr\/project-results\/\" rel=\"bookmark\">Lire la suite &raquo;<span class=\"screen-reader-text\">R\u00e9sultats du projet<\/span><\/a><\/p>\n","protected":false},"author":1,"featured_media":0,"parent":0,"menu_order":0,"comment_status":"closed","ping_status":"closed","template":"","meta":{"neve_meta_sidebar":"","neve_meta_container":"","neve_meta_enable_content_width":"off","neve_meta_content_width":100,"neve_meta_title_alignment":"","neve_meta_author_avatar":"","neve_post_elements_order":"","neve_meta_disable_header":"","neve_meta_disable_footer":"","neve_meta_disable_title":"","footnotes":""},"class_list":["post-94","page","type-page","status-publish","hentry"],"_links":{"self":[{"href":"https:\/\/recci.erasmus.site\/fr\/wp-json\/wp\/v2\/pages\/94","targetHints":{"allow":["GET"]}}],"collection":[{"href":"https:\/\/recci.erasmus.site\/fr\/wp-json\/wp\/v2\/pages"}],"about":[{"href":"https:\/\/recci.erasmus.site\/fr\/wp-json\/wp\/v2\/types\/page"}],"author":[{"embeddable":true,"href":"https:\/\/recci.erasmus.site\/fr\/wp-json\/wp\/v2\/users\/1"}],"replies":[{"embeddable":true,"href":"https:\/\/recci.erasmus.site\/fr\/wp-json\/wp\/v2\/comments?post=94"}],"version-history":[{"count":14,"href":"https:\/\/recci.erasmus.site\/fr\/wp-json\/wp\/v2\/pages\/94\/revisions"}],"predecessor-version":[{"id":982,"href":"https:\/\/recci.erasmus.site\/fr\/wp-json\/wp\/v2\/pages\/94\/revisions\/982"}],"wp:attachment":[{"href":"https:\/\/recci.erasmus.site\/fr\/wp-json\/wp\/v2\/media?parent=94"}],"curies":[{"name":"wp","href":"https:\/\/api.w.org\/{rel}","templated":true}]}}