{"id":67,"date":"2022-04-01T07:33:08","date_gmt":"2022-04-01T07:33:08","guid":{"rendered":"https:\/\/recci.erasmus.site\/?page_id=67"},"modified":"2022-09-30T14:25:06","modified_gmt":"2022-09-30T14:25:06","slug":"about-the-project","status":"publish","type":"page","link":"https:\/\/recci.erasmus.site\/it\/about-the-project\/","title":{"rendered":"Il progetto"},"content":{"rendered":"<p><img fetchpriority=\"high\" decoding=\"async\" class=\"size-medium wp-image-54 alignleft\" src=\"https:\/\/recci.erasmus.site\/wp-content\/uploads\/2022\/04\/light-trails-above-buildings-300x200.jpg\" alt=\"\" width=\"300\" height=\"200\" srcset=\"https:\/\/recci.erasmus.site\/wp-content\/uploads\/2022\/04\/light-trails-above-buildings-300x200.jpg 300w, https:\/\/recci.erasmus.site\/wp-content\/uploads\/2022\/04\/light-trails-above-buildings-1024x684.jpg 1024w, https:\/\/recci.erasmus.site\/wp-content\/uploads\/2022\/04\/light-trails-above-buildings-768x513.jpg 768w, https:\/\/recci.erasmus.site\/wp-content\/uploads\/2022\/04\/light-trails-above-buildings-1536x1025.jpg 1536w, https:\/\/recci.erasmus.site\/wp-content\/uploads\/2022\/04\/light-trails-above-buildings-2048x1367.jpg 2048w\" sizes=\"(max-width: 300px) 100vw, 300px\" \/><\/p>\n<p>Le industrie creative e culturali, in quanto pilastro e catalizzatore della sostenibilit\u00e0, hanno un impatto diretto e indiretto sullo sviluppo economico e umanitario dei Paesi dell&#8217;UE. Soprattutto in caso di crisi sanitarie come quella del COVID-19, i creatori sono chiamati a soddisfare i bisogni culturali diversificati e crescenti della societ\u00e0, ma anche a garantire la loro vitalit\u00e0 in modi alternativi. Pertanto, oggi pi\u00f9 che mai, l&#8217;adattabilit\u00e0 \u00e8 un catalizzatore in grado di garantire la resilienza delle ICC, ovvero la loro capacit\u00e0 di evolvere efficacemente in condizioni mutevoli, superando strutture obsolete o problematiche e utilizzando tutte le risorse disponibili. La pandemia di Covid-19, che \u00e8 stata e viene affrontata anche attraverso il confinamento e la conseguente prevenzione del sovraffollamento, ha portato a un rapido cambiamento in tutte le industrie creative e culturali, poich\u00e9 i creatori e le organizzazioni sono stati esposti a una condizione completamente nuova. Le nuove tecnologie e Internet non sono solo canali complementari per la distribuzione e la promozione del loro lavoro e della loro attivit\u00e0, ma, per lo pi\u00f9, gli unici. Come ci si aspettava, la mancanza di preparazione a un simile trattato, unita alla mancanza di finanziamenti statali per incentivare l&#8217;attivit\u00e0 culturale, come \u00e8 consuetudine in tempi di crisi (soprattutto sanitaria), ha causato imbarazzo e di conseguenza un adattamento molto ritardato o inesistente attraverso l&#8217;uso della tecnologia, quindi nessuna resilienza. L&#8217;obiettivo del progetto \u00e8 quello di formare i dipendenti della CCI in una serie di necessarie competenze hard &amp; soft che possano soddisfare le moderne esigenze professionali (ad esempio, pensiero imprenditoriale, competenze digitali, networking, ecc.) e di fornire loro immediatamente ed efficacemente gli strumenti appropriati, tenendo conto delle specificit\u00e0 del settore culturale in generale e delle esigenze individuali di ciascun settore in particolare.<\/p>\n<p>Il progetto &#8220;Rethinking Cultural &amp; Creative Industries&#8221; sar\u00e0 un acceleratore nella trasmissione di nuove conoscenze e nell&#8217;acquisizione di competenze digitali e commerciali per i lavoratori dei settori creativi e culturali. Il suo scopo \u00e8 quello di essere un esempio di buone pratiche nella cultura in relazione alla risposta efficace e immediata alle crisi e alle transizioni in un&#8217;epoca identificata con la rapida velocit\u00e0 del cambiamento in tutti gli aspetti dell&#8217;attivit\u00e0 umana.<\/p>\n","protected":false},"excerpt":{"rendered":"<p>Le industrie creative e culturali, in quanto pilastro e catalizzatore della sostenibilit\u00e0, hanno un impatto diretto e indiretto sullo sviluppo economico e umanitario dei Paesi dell&#8217;UE. Soprattutto in caso di crisi sanitarie come quella del COVID-19, i creatori sono chiamati a soddisfare i bisogni culturali diversificati e crescenti della societ\u00e0, ma anche a garantire la&hellip;&nbsp;<a href=\"https:\/\/recci.erasmus.site\/it\/about-the-project\/\" rel=\"bookmark\">Leggi tutto &raquo;<span class=\"screen-reader-text\">Il progetto<\/span><\/a><\/p>\n","protected":false},"author":1,"featured_media":0,"parent":0,"menu_order":0,"comment_status":"closed","ping_status":"closed","template":"","meta":{"neve_meta_sidebar":"","neve_meta_container":"","neve_meta_enable_content_width":"off","neve_meta_content_width":100,"neve_meta_title_alignment":"","neve_meta_author_avatar":"","neve_post_elements_order":"","neve_meta_disable_header":"","neve_meta_disable_footer":"","neve_meta_disable_title":"","footnotes":""},"class_list":["post-67","page","type-page","status-publish","hentry"],"_links":{"self":[{"href":"https:\/\/recci.erasmus.site\/it\/wp-json\/wp\/v2\/pages\/67","targetHints":{"allow":["GET"]}}],"collection":[{"href":"https:\/\/recci.erasmus.site\/it\/wp-json\/wp\/v2\/pages"}],"about":[{"href":"https:\/\/recci.erasmus.site\/it\/wp-json\/wp\/v2\/types\/page"}],"author":[{"embeddable":true,"href":"https:\/\/recci.erasmus.site\/it\/wp-json\/wp\/v2\/users\/1"}],"replies":[{"embeddable":true,"href":"https:\/\/recci.erasmus.site\/it\/wp-json\/wp\/v2\/comments?post=67"}],"version-history":[{"count":7,"href":"https:\/\/recci.erasmus.site\/it\/wp-json\/wp\/v2\/pages\/67\/revisions"}],"predecessor-version":[{"id":219,"href":"https:\/\/recci.erasmus.site\/it\/wp-json\/wp\/v2\/pages\/67\/revisions\/219"}],"wp:attachment":[{"href":"https:\/\/recci.erasmus.site\/it\/wp-json\/wp\/v2\/media?parent=67"}],"curies":[{"name":"wp","href":"https:\/\/api.w.org\/{rel}","templated":true}]}}