{"id":87,"date":"2022-04-01T07:45:01","date_gmt":"2022-04-01T07:45:01","guid":{"rendered":"https:\/\/recci.erasmus.site\/?page_id=87"},"modified":"2022-09-30T14:34:46","modified_gmt":"2022-09-30T14:34:46","slug":"partnership","status":"publish","type":"page","link":"https:\/\/recci.erasmus.site\/it\/partnership\/","title":{"rendered":"Partnership"},"content":{"rendered":"<h3 style=\"text-align: center;\"><img fetchpriority=\"high\" decoding=\"async\" class=\"size-medium wp-image-79 aligncenter\" src=\"https:\/\/recci.erasmus.site\/wp-content\/uploads\/2022\/04\/cda-300x300.png\" alt=\"\" width=\"300\" height=\"300\" srcset=\"https:\/\/recci.erasmus.site\/wp-content\/uploads\/2022\/04\/cda.png 300w, https:\/\/recci.erasmus.site\/wp-content\/uploads\/2022\/04\/cda-150x150.png 150w\" sizes=\"(max-width: 300px) 100vw, 300px\" \/><br \/>\nArad Development Centre (CDA)- Coordinatore del progetto<\/h3>\n<p>Il Centro per lo sviluppo di Arad (CDA) \u00e8 un&#8217;associazione non governativa e regionale. L&#8217;obiettivo del CDA \u00e8 quello di sostenere lo sviluppo della regione organizzando attivit\u00e0 di promozione, consulenza, formazione, servizi ed eventi, accesso ai finanziamenti e realizzazione di progetti con finanziamenti, cooperazione locale, regionale o europea. Il CDA Arad \u00e8 stato istituito sulla base della richiesta n. 7901 del Tribunale distrettuale di Arad dell&#8217;11.12.2012 (la base giuridica \u00e8 il Regolamento governativo 26\/2000 sulle associazioni e le fondazioni).<\/p>\n<p>Il CDA prevede:<\/p>\n<p>sostegno alla promozione di servizi sociali, consulenza, educazione, servizi ed eventi,<br \/>\nl&#8217;accesso e l&#8217;attuazione di progetti finanziati da sovvenzioni, il sostegno ai partenariati pubblico-privati (PPP),<br \/>\nsostegno all&#8217;imprenditoria sociale,<br \/>\ntrasferimento tecnologico e mercato obbligazionario,<br \/>\nformazione,<br \/>\nriqualificazione e riorientamento professionale.<br \/>\nL&#8217;associazione \u00e8 un partner attivo nella valutazione, nello sviluppo e nell&#8217;implementazione di strategie di sviluppo locale e regionale, nel trasferimento di know-how a partenariati economici in progetti sostenibili che si focalizzano sull&#8217;uso di risorse rinnovabili, sulla responsabilit\u00e0 sociale e sullo sviluppo culturale.<\/p>\n<p>In qualit\u00e0 di partner o leader abbiamo sviluppato molti progetti dell&#8217;UE come COSME, sovvenzioni SEE, Erasmus+, nei settori dell&#8217;imprenditorialit\u00e0, dell&#8217;ambiente, della sensibilizzazione della comunit\u00e0 e dell&#8217;istruzione. Siamo partner nella diffusione di informazioni su Horizon 2020, il Programma nazionale per l&#8217;agricoltura e lo sviluppo rurale, nell&#8217;organizzazione di eventi di brokeraggio e missioni aziendali.<\/p>\n<p>SIto web: <a href=\"http:\/\/aradcda.ro\" target=\"_blank\" rel=\"noopener\">www.aradcda.ro<\/a><\/p>\n<hr \/>\n<p><img decoding=\"async\" class=\"size-medium wp-image-80 aligncenter\" src=\"https:\/\/recci.erasmus.site\/wp-content\/uploads\/2022\/04\/matera-300x300.png\" alt=\"\" width=\"300\" height=\"300\" srcset=\"https:\/\/recci.erasmus.site\/wp-content\/uploads\/2022\/04\/matera.png 300w, https:\/\/recci.erasmus.site\/wp-content\/uploads\/2022\/04\/matera-150x150.png 150w\" sizes=\"(max-width: 300px) 100vw, 300px\" \/><\/p>\n<p>Materahub gestisce progetti pilota internazionali a sostegno delle industrie culturali e creative, favorendo processi di innovazione e inclusione e una nuova visione imprenditoriale per affrontare le sfide contemporanee.<\/p>\n<p>Materahub organizza diverse attivit\u00e0 internazionali di Capacity Building, finalizzate all&#8217;incontro e alla contaminazione di competenze tra esperti locali e internazionali, imprenditori e policy maker. Si tratta di progetti finanziati dai programmi europei Erasmus +, Cosme, Interreg, Horizion 2020, ecc.<\/p>\n<p>Dal 2010 Materahub \u00e8 Organizzazione Intermediaria del programma europeo Erasmus per Giovani Imprenditori; dal 2014 \u00e8 l&#8217;host italiano della Creative Business Cup, l&#8217;unica competizione internazionale dedicata alle industrie culturali e creative.<\/p>\n<p>Materahub \u00e8 membro del Distretto Creativo Pugliese e fa parte del cluster delle Industrie Culturali e Creative Basilicata Creativa. Il Consorzio \u00e8 inoltre inserito nella rete internazionale CARP che promuove itinerari culturali sull&#8217;arte preistorica del Consiglio d&#8217;Europa.<\/p>\n<p>SIto web: <a href=\"http:\/\/www.materahub.com\" target=\"_blank\" rel=\"noopener\">www.materahub.com<\/a><\/p>\n<hr \/>\n<p><img decoding=\"async\" class=\"size-medium wp-image-81 aligncenter\" src=\"https:\/\/recci.erasmus.site\/wp-content\/uploads\/2022\/04\/bizrupt-300x300.png\" alt=\"\" width=\"300\" height=\"300\" srcset=\"https:\/\/recci.erasmus.site\/wp-content\/uploads\/2022\/04\/bizrupt.png 300w, https:\/\/recci.erasmus.site\/wp-content\/uploads\/2022\/04\/bizrupt-150x150.png 150w\" sizes=\"(max-width: 300px) 100vw, 300px\" \/><br \/>\nBizrupt \u00e8 un&#8217;organizzazione non profit con sede sull&#8217;isola di Creta, in Grecia. Dal 2017 \u00e8 stata un catalizzatore dell&#8217;innovazione locale creando la pi\u00f9 grande comunit\u00e0 imprenditoriale e organizzando due dei pi\u00f9 famosi eventi imprenditoriali a Creta. La visione di Bizrup \u00e8 quella di creare un solido ecosistema di innovazione e imprenditorialit\u00e0 nella contea greca per avere uno sviluppo continuo e sostenibile per un futuro migliore. L&#8217;obiettivo \u00e8 coprire le esigenze di informazione, formazione e responsabilizzazione di ogni imprenditore potenziale ed esistente, premiare i fallimenti a livello professionale e sostenere ecosistemi locali simili in altri Paesi europei.<br \/>\nBizrupt \u00e8 partner di &#8220;Prince&#8217;s Trust International&#8221; per la regione cretese per pianificare e attuare programmi di imprenditorialit\u00e0 e occupabilit\u00e0 per i giovani. Inoltre, Bizrupt ha una partnership con &#8220;ALBA Graduate Business School, The American College of Greece&#8221; per implementare il programma imprenditoriale &#8220;VentureGardnen&#8221; per la citt\u00e0 di Heraklion e con l'&#8221;Universit\u00e0 di Creta&#8221; per pianificare e implementare un programma di rafforzamento delle capacit\u00e0 dei giovani ricercatori in materia di commercializzazione della ricerca.<\/p>\n<p>SIto web: <a href=\"https:\/\/bizrupt.gr\" target=\"_blank\" rel=\"noopener\">www.bizrupt.gr<\/a><\/p>\n<hr \/>\n<p><img loading=\"lazy\" decoding=\"async\" class=\"size-medium wp-image-82 aligncenter\" src=\"https:\/\/recci.erasmus.site\/wp-content\/uploads\/2022\/04\/danmar-300x300.png\" alt=\"\" width=\"300\" height=\"300\" srcset=\"https:\/\/recci.erasmus.site\/wp-content\/uploads\/2022\/04\/danmar.png 300w, https:\/\/recci.erasmus.site\/wp-content\/uploads\/2022\/04\/danmar-150x150.png 150w\" sizes=\"(max-width: 300px) 100vw, 300px\" \/><\/p>\n<p>Danmar Computers LLC \u00e8 un&#8217;azienda privata che opera nel campo dell&#8217;Information Technology e fornisce formazione professionale in questo settore. Danmar ha una vasta esperienza nello sviluppo di moderne applicazioni Web e mobili utilizzate per scopi educativi. Danmar ha anche un&#8217;esperienza pluriennale nella realizzazione di progetti europei, nell&#8217;ambito dei quali lo staff di R&amp;S dell&#8217;azienda conduce ricerche e prepara corsi di formazione su misura per le esigenze dei vari studenti. Danmar ha realizzato con successo oltre 90 progetti nell&#8217;ambito di Grundtvig, Leonardo da Vinci, Progress e recentemente Erasmus+.<\/p>\n<p>In molti di questi progetti Danmar \u00e8 stata responsabile della progettazione e del coordinamento delle strategie di diffusione. Danmar Computers \u00e8 lo sviluppatore e il fornitore di AdminProject, il sistema on-line per la gestione dei progetti europei. Tutte le attivit\u00e0 dell&#8217;azienda si basano su un&#8217;ampia e consolidata rete di cooperazione, sia a livello nazionale che internazionale. Le reti nazionali comprendono istituti di formazione e consulenza, universit\u00e0, scuole, organizzazioni non governative e aziende del settore privato. La rete internazionale comprende partner di vario profilo provenienti da tutti i Paesi dell&#8217;Unione Europea. La missione di Danmar Computer \u00e8 la promozione dell&#8217;educazione permanente e la garanzia di un accesso paritario all&#8217;istruzione per tutti con l&#8217;uso delle moderne tecnologie.<\/p>\n<p>SIto web <a href=\"http:\/\/www.danmar-computers.com.pl\/en\/\" target=\"_blank\" rel=\"noopener\">www.danmar-computers.com.pl\/en\/<\/a><\/p>\n<hr \/>\n<p><img loading=\"lazy\" decoding=\"async\" class=\"size-medium wp-image-83 aligncenter\" src=\"https:\/\/recci.erasmus.site\/wp-content\/uploads\/2022\/04\/artyfarty-300x300.png\" alt=\"\" width=\"300\" height=\"300\" srcset=\"https:\/\/recci.erasmus.site\/wp-content\/uploads\/2022\/04\/artyfarty.png 300w, https:\/\/recci.erasmus.site\/wp-content\/uploads\/2022\/04\/artyfarty-150x150.png 150w\" sizes=\"(max-width: 300px) 100vw, 300px\" \/><\/p>\n<p>Nata nel 1999 a Lione, Arty Farty \u00e8 un&#8217;associazione senza scopo di lucro, europea e completamente indipendente, al servizio dei giovani, delle culture innovative, del rinnovamento democratico e dell&#8217;interesse generale. I campi di intervento di Arty Farty sono: l&#8217;imprenditoria culturale, la musica, il dibattito, i forum di idee e le conferenze, gli eventi, il sostegno ai progetti culturali e persino il fooding.<\/p>\n<p>In questa prospettiva, Arty Farty crea e produce eventi, in particolare il festival Nuits Sonores a Lione (dal 2003), a Bruxelles e a Bogot\u00e0 (dal 2017), il forum European Lab a Lione (dal 2011) e a Bruxelles (dal 2017) e European Lab Winter forum a Parigi nell&#8217;ambito de La nuit des id\u00e9es dal 2015.<\/p>\n<p>Infine, Arty Farty ha creato H\u00f4tel71, il primo hub creativo di Lione. Vero e proprio spazio di lavoro e di dibattito, di innovazione e di fertilizzazione incrociata, H\u00f4tel71 \u00e8 uno strumento di trasmissione delle conoscenze e di messa in rete di persone, strutture e risorse per inventare, sostenere e sviluppare progetti nel campo delle industrie culturali e creative.<\/p>\n","protected":false},"excerpt":{"rendered":"<p>Arad Development Centre (CDA)- Coordinatore del progetto Il Centro per lo sviluppo di Arad (CDA) \u00e8 un&#8217;associazione non governativa e regionale. L&#8217;obiettivo del CDA \u00e8 quello di sostenere lo sviluppo della regione organizzando attivit\u00e0 di promozione, consulenza, formazione, servizi ed eventi, accesso ai finanziamenti e realizzazione di progetti con finanziamenti, cooperazione locale, regionale o europea.&hellip;&nbsp;<a href=\"https:\/\/recci.erasmus.site\/it\/partnership\/\" rel=\"bookmark\">Leggi tutto &raquo;<span class=\"screen-reader-text\">Partnership<\/span><\/a><\/p>\n","protected":false},"author":1,"featured_media":0,"parent":0,"menu_order":0,"comment_status":"closed","ping_status":"closed","template":"","meta":{"neve_meta_sidebar":"","neve_meta_container":"","neve_meta_enable_content_width":"off","neve_meta_content_width":100,"neve_meta_title_alignment":"","neve_meta_author_avatar":"","neve_post_elements_order":"","neve_meta_disable_header":"","neve_meta_disable_footer":"","neve_meta_disable_title":"","footnotes":""},"class_list":["post-87","page","type-page","status-publish","hentry"],"_links":{"self":[{"href":"https:\/\/recci.erasmus.site\/it\/wp-json\/wp\/v2\/pages\/87","targetHints":{"allow":["GET"]}}],"collection":[{"href":"https:\/\/recci.erasmus.site\/it\/wp-json\/wp\/v2\/pages"}],"about":[{"href":"https:\/\/recci.erasmus.site\/it\/wp-json\/wp\/v2\/types\/page"}],"author":[{"embeddable":true,"href":"https:\/\/recci.erasmus.site\/it\/wp-json\/wp\/v2\/users\/1"}],"replies":[{"embeddable":true,"href":"https:\/\/recci.erasmus.site\/it\/wp-json\/wp\/v2\/comments?post=87"}],"version-history":[{"count":7,"href":"https:\/\/recci.erasmus.site\/it\/wp-json\/wp\/v2\/pages\/87\/revisions"}],"predecessor-version":[{"id":222,"href":"https:\/\/recci.erasmus.site\/it\/wp-json\/wp\/v2\/pages\/87\/revisions\/222"}],"wp:attachment":[{"href":"https:\/\/recci.erasmus.site\/it\/wp-json\/wp\/v2\/media?parent=87"}],"curies":[{"name":"wp","href":"https:\/\/api.w.org\/{rel}","templated":true}]}}