{"id":67,"date":"2022-04-01T07:33:08","date_gmt":"2022-04-01T07:33:08","guid":{"rendered":"https:\/\/recci.erasmus.site\/?page_id=67"},"modified":"2022-09-30T14:25:06","modified_gmt":"2022-09-30T14:25:06","slug":"about-the-project","status":"publish","type":"page","link":"https:\/\/recci.erasmus.site\/pl\/about-the-project\/","title":{"rendered":"O projekcie"},"content":{"rendered":"<p><img fetchpriority=\"high\" decoding=\"async\" class=\"size-medium wp-image-54 alignleft\" src=\"https:\/\/recci.erasmus.site\/wp-content\/uploads\/2022\/04\/light-trails-above-buildings-300x200.jpg\" alt=\"\" width=\"300\" height=\"200\" srcset=\"https:\/\/recci.erasmus.site\/wp-content\/uploads\/2022\/04\/light-trails-above-buildings-300x200.jpg 300w, https:\/\/recci.erasmus.site\/wp-content\/uploads\/2022\/04\/light-trails-above-buildings-1024x684.jpg 1024w, https:\/\/recci.erasmus.site\/wp-content\/uploads\/2022\/04\/light-trails-above-buildings-768x513.jpg 768w, https:\/\/recci.erasmus.site\/wp-content\/uploads\/2022\/04\/light-trails-above-buildings-1536x1025.jpg 1536w, https:\/\/recci.erasmus.site\/wp-content\/uploads\/2022\/04\/light-trails-above-buildings-2048x1367.jpg 2048w\" sizes=\"(max-width: 300px) 100vw, 300px\" \/><\/p>\n<p>Bran\u017ca tw\u00f3rcza i kulturalna, jako filar i katalizator zr\u00f3wnowa\u017conego rozwoju, ma bezpo\u015bredni i po\u015bredni wp\u0142yw na rozw\u00f3j gospodarczy i humanitarny kraj\u00f3w UE. Szczeg\u00f3lnie w przypadku kryzys\u00f3w zdrowotnych, takich jak COVID-19, tw\u00f3rcy s\u0105 wzywani do zaspokojenia zr\u00f3\u017cnicowanych i zwi\u0119kszonych potrzeb kulturalnych spo\u0142ecze\u0144stwa, ale tak\u017ce do zapewnienia swojej rentowno\u015bci w alternatywny spos\u00f3b. Dlatego te\u017c dzi\u015b bardziej ni\u017c kiedykolwiek zdolno\u015b\u0107 do adaptacji jest katalizatorem, kt\u00f3ry mo\u017ce zagwarantowa\u0107 odporno\u015b\u0107 PKT, tj. ich zdolno\u015b\u0107 do skutecznej ewolucji w zmieniaj\u0105cych si\u0119 warunkach poprzez przezwyci\u0119\u017cenie struktur, kt\u00f3re s\u0105 przestarza\u0142e lub problematyczne, oraz wykorzystanie wszystkich dost\u0119pnych zasob\u00f3w. Pandemia Covid-19, kt\u00f3ra by\u0142a i jest przedmiotem dzia\u0142a\u0144, w tym poprzez zamkni\u0119cie i konsekwentne unikanie przeludnienia, spowodowa\u0142a gwa\u0142towne zmiany we wszystkich bran\u017cach tw\u00f3rczych i kulturalnych, poniewa\u017c tw\u00f3rcy i organizacje zosta\u0142y wystawione na dzia\u0142anie zupe\u0142nie nowych warunk\u00f3w. Nowe technologie i internet nie s\u0105 ju\u017c tylko uzupe\u0142niaj\u0105cymi kana\u0142ami dystrybucji i promocji ich pracy i dzia\u0142alno\u015bci, ale w wi\u0119kszo\u015bci przypadk\u00f3w jedynymi. Jak mo\u017cna si\u0119 by\u0142o spodziewa\u0107, brak gotowo\u015bci na taki uk\u0142ad w po\u0142\u0105czeniu z niedofinansowaniem przez pa\u0144stwo dzia\u0142alno\u015bci kulturalnej, jak to zwykle bywa w czasach kryzys\u00f3w (zw\u0142aszcza zdrowotnych), spowodowa\u0142 zak\u0142opotanie i w konsekwencji znacznie op\u00f3\u017anion\u0105 lub nieistniej\u0105c\u0105 adaptacj\u0119 poprzez wykorzystanie technologii, a wi\u0119c brak odporno\u015bci. Celem projektu jest przeszkolenie pracownik\u00f3w CCI z zakresu niezb\u0119dnych umiej\u0119tno\u015bci twardych i mi\u0119kkich, kt\u00f3re mog\u0105 sprosta\u0107 wsp\u00f3\u0142czesnym potrzebom zawodowym (np. my\u015blenie biznesowe, umiej\u0119tno\u015bci cyfrowe, networking itp.) oraz natychmiastowe i skuteczne wyposa\u017cenie ich w odpowiednie narz\u0119dzia z uwzgl\u0119dnieniem specyfiki sektora kultury w og\u00f3le, jak r\u00f3wnie\u017c indywidualnych potrzeb ka\u017cdego z sektor\u00f3w w szczeg\u00f3lno\u015bci.<\/p>\n<p>Projekt &#8222;Rethinking Cultural &amp; Creative Industries&#8221; b\u0119dzie akceleratorem w przekazywaniu nowej wiedzy oraz nabywaniu umiej\u0119tno\u015bci cyfrowych i biznesowych przez pracownik\u00f3w sektora kreatywnego i kulturalnego. Jego celem jest bycie przyk\u0142adem dobrych praktyk w kulturze w zakresie skutecznego i natychmiastowego reagowania na kryzysy i przej\u015bcia w epoce uto\u017csamianej z szybkim tempem zmian we wszystkich aspektach ludzkiej dzia\u0142alno\u015bci.<\/p>\n<p>&nbsp;<\/p>\n","protected":false},"excerpt":{"rendered":"<p>Bran\u017ca tw\u00f3rcza i kulturalna, jako filar i katalizator zr\u00f3wnowa\u017conego rozwoju, ma bezpo\u015bredni i po\u015bredni wp\u0142yw na rozw\u00f3j gospodarczy i humanitarny kraj\u00f3w UE. Szczeg\u00f3lnie w przypadku kryzys\u00f3w zdrowotnych, takich jak COVID-19, tw\u00f3rcy s\u0105 wzywani do zaspokojenia zr\u00f3\u017cnicowanych i zwi\u0119kszonych potrzeb kulturalnych spo\u0142ecze\u0144stwa, ale tak\u017ce do zapewnienia swojej rentowno\u015bci w alternatywny spos\u00f3b. Dlatego te\u017c dzi\u015b bardziej ni\u017c&hellip;&nbsp;<a href=\"https:\/\/recci.erasmus.site\/pl\/about-the-project\/\" rel=\"bookmark\">Dowiedz si\u0119 wi\u0119cej &raquo;<span class=\"screen-reader-text\">O projekcie<\/span><\/a><\/p>\n","protected":false},"author":1,"featured_media":0,"parent":0,"menu_order":0,"comment_status":"closed","ping_status":"closed","template":"","meta":{"neve_meta_sidebar":"","neve_meta_container":"","neve_meta_enable_content_width":"off","neve_meta_content_width":100,"neve_meta_title_alignment":"","neve_meta_author_avatar":"","neve_post_elements_order":"","neve_meta_disable_header":"","neve_meta_disable_footer":"","neve_meta_disable_title":"","footnotes":""},"class_list":["post-67","page","type-page","status-publish","hentry"],"_links":{"self":[{"href":"https:\/\/recci.erasmus.site\/pl\/wp-json\/wp\/v2\/pages\/67","targetHints":{"allow":["GET"]}}],"collection":[{"href":"https:\/\/recci.erasmus.site\/pl\/wp-json\/wp\/v2\/pages"}],"about":[{"href":"https:\/\/recci.erasmus.site\/pl\/wp-json\/wp\/v2\/types\/page"}],"author":[{"embeddable":true,"href":"https:\/\/recci.erasmus.site\/pl\/wp-json\/wp\/v2\/users\/1"}],"replies":[{"embeddable":true,"href":"https:\/\/recci.erasmus.site\/pl\/wp-json\/wp\/v2\/comments?post=67"}],"version-history":[{"count":7,"href":"https:\/\/recci.erasmus.site\/pl\/wp-json\/wp\/v2\/pages\/67\/revisions"}],"predecessor-version":[{"id":219,"href":"https:\/\/recci.erasmus.site\/pl\/wp-json\/wp\/v2\/pages\/67\/revisions\/219"}],"wp:attachment":[{"href":"https:\/\/recci.erasmus.site\/pl\/wp-json\/wp\/v2\/media?parent=67"}],"curies":[{"name":"wp","href":"https:\/\/api.w.org\/{rel}","templated":true}]}}