{"id":87,"date":"2022-04-01T07:45:01","date_gmt":"2022-04-01T07:45:01","guid":{"rendered":"https:\/\/recci.erasmus.site\/?page_id=87"},"modified":"2022-09-30T14:34:46","modified_gmt":"2022-09-30T14:34:46","slug":"partnership","status":"publish","type":"page","link":"https:\/\/recci.erasmus.site\/pl\/partnership\/","title":{"rendered":"Partnerzy"},"content":{"rendered":"<h3 style=\"text-align: center;\"><img fetchpriority=\"high\" decoding=\"async\" class=\"size-medium wp-image-79 aligncenter\" src=\"https:\/\/recci.erasmus.site\/wp-content\/uploads\/2022\/04\/cda-300x300.png\" alt=\"\" width=\"300\" height=\"300\" srcset=\"https:\/\/recci.erasmus.site\/wp-content\/uploads\/2022\/04\/cda.png 300w, https:\/\/recci.erasmus.site\/wp-content\/uploads\/2022\/04\/cda-150x150.png 150w\" sizes=\"(max-width: 300px) 100vw, 300px\" \/><br \/>\nArad Development Centre (CDA)- Koordynator projektu<\/h3>\n<p>Centrum Rozwoju Arad (CDA) jest stowarzyszeniem pozarz\u0105dowym i o zasi\u0119gu regionalnym. Celem CDA jest wspieranie rozwoju regionu poprzez organizowanie dzia\u0142a\u0144 promocyjnych, doradztwa, edukacji, us\u0142ug i wydarze\u0144, dost\u0119p do finansowania i realizacji projekt\u00f3w z dofinansowaniem, wsp\u00f3\u0142pracy lokalnej, regionalnej lub europejskiej. CDA Arad powsta\u0142o na podstawie wniosku nr 7901 S\u0105du Okr\u0119gowego w Aradzie z dnia 11.12.2012 (podstaw\u0105 prawn\u0105 jest Rozporz\u0105dzenie Rz\u0105du 26\/2000 w sprawie stowarzysze\u0144 i fundacji).<\/p>\n<p>CDA zapewnia:<\/p>\n<p>wsparcie w zakresie promocji us\u0142ug spo\u0142ecznych, doradztwo,edukacji, us\u0142ug i wydarze\u0144,<br \/>\ndost\u0119p i realizacj\u0119 projekt\u00f3w finansowanych z dotacji, wsparcie partnerstwa publiczno-prywatnego (PPP),<br \/>\nwsparcie przedsi\u0119biorczo\u015bci spo\u0142ecznej,<br \/>\ntransfer technologii i rynku obligacji,<br \/>\nszkolenia,<br \/>\nprzekwalifikowania i reorientacje zawodow\u0105.<br \/>\nStowarzyszenie jest aktywnym partnerem w ocenie, rozwoju i wdra\u017caniu lokalnych i regionalnych strategii rozwoju, transferze know-how do partnerstw gospodarczych w zr\u00f3wnowa\u017conych projektach, kt\u00f3re skupiaj\u0105 si\u0119<\/p>\n<p>na wykorzystaniu zasob\u00f3w odnawialnych, odpowiedzialno\u015bci spo\u0142ecznej i rozwoju kultury.<\/p>\n<p>Jako partner lub lider opracowali\u015bmy wiele projekt\u00f3w unijnych, takich jak COSME, granty EOG, Erasmus+, w dziedzinie przedsi\u0119biorczo\u015bci, ochrony \u015brodowiska, \u015bwiadomo\u015bci spo\u0142eczno\u015bci i edukacji. Jeste\u015bmy partnerami w rozpowszechnianiu informacji o Horyzoncie 2020, Narodowym Programie Rolnictwa i Rozwoju Obszar\u00f3w Wiejskich, organizowaniu wydarze\u0144 brokerskich i misji firm.<\/p>\n<p>Strona internetowa: <a href=\"http:\/\/aradcda.ro\" target=\"_blank\" rel=\"noopener\">www.aradcda.ro<\/a><\/p>\n<hr \/>\n<p><img decoding=\"async\" class=\"size-medium wp-image-80 aligncenter\" src=\"https:\/\/recci.erasmus.site\/wp-content\/uploads\/2022\/04\/matera-300x300.png\" alt=\"\" width=\"300\" height=\"300\" srcset=\"https:\/\/recci.erasmus.site\/wp-content\/uploads\/2022\/04\/matera.png 300w, https:\/\/recci.erasmus.site\/wp-content\/uploads\/2022\/04\/matera-150x150.png 150w\" sizes=\"(max-width: 300px) 100vw, 300px\" \/><\/p>\n<p>Materahub zarz\u0105dza mi\u0119dzynarodowymi projektami pilota\u017cowymi maj\u0105cymi na celu wspieranie przemys\u0142u kulturalnego i kreatywnego, zach\u0119caj\u0105c do proces\u00f3w innowacji i integracji oraz nowej wizji przedsi\u0119biorczo\u015bci, aby stawi\u0107 czo\u0142a wsp\u00f3\u0142czesnym wyzwaniom.<\/p>\n<p>Materahub organizuje kilka mi\u0119dzynarodowych dzia\u0142a\u0144 Capacity Building, maj\u0105cych na celu spotkanie i kontaminacj\u0119 umiej\u0119tno\u015bci pomi\u0119dzy lokalnymi i mi\u0119dzynarodowymi ekspertami, przedsi\u0119biorcami i decydentami. S\u0105 to projekty finansowane przez europejskie programy Erasmus +, Cosme, Interreg, Horizion 2020, itp.<\/p>\n<p>Od 2010 roku Materahub jest Organizacj\u0105 Po\u015brednicz\u0105c\u0105 europejskiego programu Erasmus for Young Entrepreneurs; od 2014 roku jest w\u0142oskim gospodarzem Creative Business Cup, jedynego mi\u0119dzynarodowego konkursu po\u015bwi\u0119conego przemys\u0142om kulturalnym i kreatywnym.<\/p>\n<p>Materahub jest cz\u0142onkiem Dzielnicy Kreatywnej Puglia i wchodzi w sk\u0142ad klastra Przemys\u0142\u00f3w Kulturalnych i Kreatywnych Basilicata Creativa. Konsorcjum jest r\u00f3wnie\u017c w\u0142\u0105czone do mi\u0119dzynarodowej sieci CARP, kt\u00f3ra promuje szlaki kulturowe dotycz\u0105ce sztuki prehistorycznej Rady Europy.<\/p>\n<p>Strona internetowa: <a href=\"http:\/\/www.materahub.com\" target=\"_blank\" rel=\"noopener\">www.materahub.com<\/a><\/p>\n<hr \/>\n<p><img decoding=\"async\" class=\"size-medium wp-image-81 aligncenter\" src=\"https:\/\/recci.erasmus.site\/wp-content\/uploads\/2022\/04\/bizrupt-300x300.png\" alt=\"\" width=\"300\" height=\"300\" srcset=\"https:\/\/recci.erasmus.site\/wp-content\/uploads\/2022\/04\/bizrupt.png 300w, https:\/\/recci.erasmus.site\/wp-content\/uploads\/2022\/04\/bizrupt-150x150.png 150w\" sizes=\"(max-width: 300px) 100vw, 300px\" \/><br \/>\nBizrupt to organizacja non for profit z siedzib\u0105 na wyspie Kreta w Grecji. Od 2017 roku jest lokalnym katalizatorem innowacji poprzez tworzenie najwi\u0119kszej spo\u0142eczno\u015bci przedsi\u0119biorc\u00f3w i organizowanie dw\u00f3ch najbardziej znanych wydarze\u0144 przedsi\u0119biorczych na Krecie. Wizj\u0105 Bizrup jest stworzenie solidnego ekosystemu innowacji i przedsi\u0119biorczo\u015bci w greckim powiecie, aby mie\u0107 ci\u0105g\u0142y i zr\u00f3wnowa\u017cony rozw\u00f3j dla lepszej przysz\u0142o\u015bci. Ma na celu pokrycie potrzeb w zakresie informacji, szkolenia i wzmocnienia ka\u017cdego potencjalnego i istniej\u0105cego przedsi\u0119biorcy, nagradzania niepowodze\u0144 na poziomie zawodowym i wspierania podobnych lokalnych ekosystem\u00f3w w innych krajach europejskich.<br \/>\nBizrupt jest partnerem &#8222;Prince&#8217;s Trust International&#8221; dla regionu krete\u0144skiego w celu zaplanowania i wdro\u017cenia zar\u00f3wno program\u00f3w przedsi\u0119biorczo\u015bci, jak i mo\u017cliwo\u015bci zatrudnienia dla m\u0142odych ludzi. Ponadto Bizrupt wsp\u00f3\u0142pracuje z &#8222;ALBA Graduate Business School, The American College of Greece&#8221; w celu wdro\u017cenia programu przedsi\u0119biorczo\u015bci &#8222;VentureGardnen&#8221; dla miasta Heraklion oraz &#8222;University of Crete&#8221; w celu zaplanowania i wdro\u017cenia programu budowania potencja\u0142u dla m\u0142odych naukowc\u00f3w w zakresie komercjalizacji bada\u0144.<\/p>\n<p>Strona internetowa: <a href=\"https:\/\/bizrupt.gr\" target=\"_blank\" rel=\"noopener\">www.bizrupt.gr<\/a><\/p>\n<hr \/>\n<p><img loading=\"lazy\" decoding=\"async\" class=\"size-medium wp-image-82 aligncenter\" src=\"https:\/\/recci.erasmus.site\/wp-content\/uploads\/2022\/04\/danmar-300x300.png\" alt=\"\" width=\"300\" height=\"300\" srcset=\"https:\/\/recci.erasmus.site\/wp-content\/uploads\/2022\/04\/danmar.png 300w, https:\/\/recci.erasmus.site\/wp-content\/uploads\/2022\/04\/danmar-150x150.png 150w\" sizes=\"(max-width: 300px) 100vw, 300px\" \/><\/p>\n<p>Danmar Computers Sp. z o.o. jest prywatn\u0105 firm\u0105 dzia\u0142aj\u0105c\u0105 w obszarze Technologii Informacyjnych, tak\u017ce oferuj\u0105c\u0105 szkolenia zawodowe w tym zakresie. Danmar Computers posiada bogate do\u015bwiadczenie w opracowywaniu nowoczesnych stron internetowych oraz aplikacji mobilnych, wykorzystywanych g\u0142\u00f3wne w celach edukacyjnych. Pracownicy firmy maj\u0105 do\u015bwiadczenie w pracy nad projektami europejskimi, w tym w prowadzeniu bada\u0144 i opracowywaniu materia\u0142\u00f3w szkoleniowych dostosowanych do potrzeb u\u017cytkownik\u00f3w. W przeci\u0105gu 15 lat dzia\u0142alno\u015bci, Danmar Computers uczestniczy\u0142 w realizacji ponad 50 projekt\u00f3w w ramach program\u00f3w Grundtvig, Leonardo da Vinci, Progress i obecnie Erasmus+.<br \/>\nW wielu projektach, firma Danmar Computers odpowiedzialna by\u0142a za opracowanie i koordynowanie strategi\u0105 upowszechniania. Firma jest autorem i dostawc\u0105 systemu do zarz\u0105dzania projektami europejskimi AdminProject (adminproject.eu), cz\u0119sto u\u017cywanym w projektach. Dzia\u0142alno\u015b\u0107 firmy oparta jest na dobrze ugruntowanej sieci wsp\u00f3\u0142pracy z podmiotami krajowymi, w tym organizacjami szkoleniowo-doradczymi, szko\u0142ami, uniwersytetami, instytucjami publicznymi oraz firmami z sektora prywatnego, a tak\u017ce zagranicznymi \u2013 partnerami z r\u00f3\u017cnych kraj\u00f3w UE. Misj\u0105 Danmar Computers jest promocja uczenia si\u0119 przez ca\u0142e \u017cycie i zapewnienie ka\u017cdemu r\u00f3wnego dost\u0119pu do edukacji za pomoc\u0105 nowoczesnych technologii.<\/p>\n<p>Strona internetowa <a href=\"http:\/\/www.danmar-computers.com.pl\/en\/\" target=\"_blank\" rel=\"noopener\">www.danmar-computers.com.pl\/en\/<\/a><\/p>\n<hr \/>\n<p><img loading=\"lazy\" decoding=\"async\" class=\"size-medium wp-image-83 aligncenter\" src=\"https:\/\/recci.erasmus.site\/wp-content\/uploads\/2022\/04\/artyfarty-300x300.png\" alt=\"\" width=\"300\" height=\"300\" srcset=\"https:\/\/recci.erasmus.site\/wp-content\/uploads\/2022\/04\/artyfarty.png 300w, https:\/\/recci.erasmus.site\/wp-content\/uploads\/2022\/04\/artyfarty-150x150.png 150w\" sizes=\"(max-width: 300px) 100vw, 300px\" \/><\/p>\n<p>Arty Farty, utworzony w 1999 roku w Lyonie, jest europejskim i w pe\u0142ni niezale\u017cnym stowarzyszeniem non-profit, s\u0142u\u017c\u0105cym m\u0142odzie\u017cy, kulturze innowacyjnej, odnowie demokratycznej i interesowi og\u00f3lnemu. Pola dzia\u0142ania Arty Farty to: przedsi\u0119biorczo\u015b\u0107 kulturalna, muzyka, debata, fora pomys\u0142\u00f3w i konferencji, wydarzenia, wsparcie dla projekt\u00f3w kulturalnych, a nawet \u017cywienie.<\/p>\n<p>W tej perspektywie Arty Farty tworzy i produkuje wydarzenia, w szczeg\u00f3lno\u015bci festiwal Nuits Sonores w Lyonie (od 2003 roku), w Brukseli i Bogocie (od 2017 roku), forum European Lab w Lyonie (od 2011 roku) i w Brukseli (od 2017 roku) oraz forum European Lab Winter w Pary\u017cu w ramach La nuit des id\u00e9es od 2015 roku.<\/p>\n<p>Wreszcie, Arty Farty stworzy\u0142 H\u00f4tel71, pierwszy kreatywny hub w Lyonie. Prawdziwa przestrze\u0144 do pracy i debaty, innowacji i cross-fertilizacji, H\u00f4tel71 jest narz\u0119dziem do przekazywania wiedzy i sieciowania ludzi, struktur i zasob\u00f3w w celu wymy\u015blania, wspierania i rozwijania projekt\u00f3w w dziedzinie przemys\u0142u kulturalnego i kreatywnego.<\/p>\n","protected":false},"excerpt":{"rendered":"<p>Arad Development Centre (CDA)- Koordynator projektu Centrum Rozwoju Arad (CDA) jest stowarzyszeniem pozarz\u0105dowym i o zasi\u0119gu regionalnym. Celem CDA jest wspieranie rozwoju regionu poprzez organizowanie dzia\u0142a\u0144 promocyjnych, doradztwa, edukacji, us\u0142ug i wydarze\u0144, dost\u0119p do finansowania i realizacji projekt\u00f3w z dofinansowaniem, wsp\u00f3\u0142pracy lokalnej, regionalnej lub europejskiej. CDA Arad powsta\u0142o na podstawie wniosku nr 7901 S\u0105du Okr\u0119gowego&hellip;&nbsp;<a href=\"https:\/\/recci.erasmus.site\/pl\/partnership\/\" rel=\"bookmark\">Dowiedz si\u0119 wi\u0119cej &raquo;<span class=\"screen-reader-text\">Partnerzy<\/span><\/a><\/p>\n","protected":false},"author":1,"featured_media":0,"parent":0,"menu_order":0,"comment_status":"closed","ping_status":"closed","template":"","meta":{"neve_meta_sidebar":"","neve_meta_container":"","neve_meta_enable_content_width":"off","neve_meta_content_width":100,"neve_meta_title_alignment":"","neve_meta_author_avatar":"","neve_post_elements_order":"","neve_meta_disable_header":"","neve_meta_disable_footer":"","neve_meta_disable_title":"","footnotes":""},"class_list":["post-87","page","type-page","status-publish","hentry"],"_links":{"self":[{"href":"https:\/\/recci.erasmus.site\/pl\/wp-json\/wp\/v2\/pages\/87","targetHints":{"allow":["GET"]}}],"collection":[{"href":"https:\/\/recci.erasmus.site\/pl\/wp-json\/wp\/v2\/pages"}],"about":[{"href":"https:\/\/recci.erasmus.site\/pl\/wp-json\/wp\/v2\/types\/page"}],"author":[{"embeddable":true,"href":"https:\/\/recci.erasmus.site\/pl\/wp-json\/wp\/v2\/users\/1"}],"replies":[{"embeddable":true,"href":"https:\/\/recci.erasmus.site\/pl\/wp-json\/wp\/v2\/comments?post=87"}],"version-history":[{"count":7,"href":"https:\/\/recci.erasmus.site\/pl\/wp-json\/wp\/v2\/pages\/87\/revisions"}],"predecessor-version":[{"id":222,"href":"https:\/\/recci.erasmus.site\/pl\/wp-json\/wp\/v2\/pages\/87\/revisions\/222"}],"wp:attachment":[{"href":"https:\/\/recci.erasmus.site\/pl\/wp-json\/wp\/v2\/media?parent=87"}],"curies":[{"name":"wp","href":"https:\/\/api.w.org\/{rel}","templated":true}]}}