{"id":94,"date":"2022-04-01T07:56:32","date_gmt":"2022-04-01T07:56:32","guid":{"rendered":"https:\/\/recci.erasmus.site\/?page_id=94"},"modified":"2024-03-13T14:59:07","modified_gmt":"2024-03-13T14:59:07","slug":"project-results","status":"publish","type":"page","link":"https:\/\/recci.erasmus.site\/pl\/project-results\/","title":{"rendered":"Rezultaty projektu"},"content":{"rendered":"<p>PR1 Ramy Kompetencji dla Bran\u017c Kulturalnych i Kreatywnych w XXI wieku po pandemii, wyszczeg\u00f3lniaj\u0105ce i opisuj\u0105ce nowe kompetencje lub innowacje w istniej\u0105cych, potrzebne PKT po pandemii COVID.<\/p>\n<p><div style=\"width: 1200px;\" class=\"wp-video\"><video class=\"wp-video-shortcode\" id=\"video-94-1\" width=\"1200\" height=\"675\" preload=\"metadata\" controls=\"controls\"><source type=\"video\/mp4\" src=\"https:\/\/recci.erasmus.site\/wp-content\/uploads\/2024\/03\/Competence-Framework-for-CCI-Professionals-NEW.mp4?_=1\" \/><a href=\"https:\/\/recci.erasmus.site\/wp-content\/uploads\/2024\/03\/Competence-Framework-for-CCI-Professionals-NEW.mp4\">https:\/\/recci.erasmus.site\/wp-content\/uploads\/2024\/03\/Competence-Framework-for-CCI-Professionals-NEW.mp4<\/a><\/video><\/div><br \/>\n&nbsp;<\/p>\n<p style=\"text-align: center;\"><a class=\"btn btn-primary\" role=\"button\" href=\"https:\/\/recci.erasmus.site\/hub\/framework\" target=\"_blank\" rel=\"noopener\">Otw\u00f3rz<\/a><\/p>\n<hr \/>\n<p>PR2 Kurs szkoleniowy, kt\u00f3ry obejmie kompetencje podkre\u015blone w Ramach Kompetencji dla specjalist\u00f3w i po\u015brednik\u00f3w z bran\u017cy tw\u00f3rczej i kulturalnej, obejmuj\u0105cy wymiar przedsi\u0119biorczo\u015bci i kompetencji cyfrowych w zakresie odporno\u015bci i innowacji.<\/p>\n<p style=\"text-align: center;\"><a class=\"btn btn-primary\" role=\"button\" href=\"https:\/\/recci.erasmus.site\/hub\/training\" target=\"_blank\" rel=\"noopener\">Otw\u00f3rz<\/a><\/p>\n<hr \/>\n<p>PR3 Learning Hub dla profesjonalist\u00f3w z bran\u017cy kreatywnej i kulturalnej, w kt\u00f3rym mo\u017cna znale\u017a\u0107 elementy, ale tak\u017ce mo\u017cliwo\u015bci wymiany z innymi graczami i aktorami sektora ich do\u015bwiadcze\u0144, know-how, a tak\u017ce dla dostawc\u00f3w szkole\u0144, aby przyczyni\u0107 si\u0119 do wsp\u00f3lnej wiedzy z w\u0142asnych narz\u0119dzi szkoleniowych i metod dla sektora.<\/p>\n<p style=\"text-align: center;\"><a class=\"btn btn-primary\" role=\"button\" href=\"https:\/\/recci.erasmus.site\/hub\" target=\"_blank\" rel=\"noopener\">Otw\u00f3rz<\/a><\/p>\n<hr \/>\n<p>PR4 Podr\u0119cznik, kt\u00f3ry pozwala osobom, kt\u00f3re b\u0119d\u0105 podchodzi\u0107 do szkolenia bez wsparcia partnerstwa, by\u0107 w stanie zaplanowa\u0107, zorganizowa\u0107, przeprowadzi\u0107 sesj\u0119 szkoleniow\u0105 indywidualnie lub dla grup. Warto\u015bci niematerialne s\u0105 zwi\u0105zane z wp\u0142ywem, jaki projekt wywrze na g\u0142\u00f3wn\u0105 grup\u0119 docelow\u0105 i innych interesariuszy, kt\u00f3rzy maj\u0105 by\u0107 zaanga\u017cowani, a w szczeg\u00f3lno\u015bci: podnoszenie \u015bwiadomo\u015bci na temat potrzeb bardziej przedsi\u0119biorczego i obeznanego z technologiami cyfrowymi Sektora Kreatywnego i Kulturalnego; wzrost kompetencji w zakresie przedsi\u0119biorczo\u015bci i wymiaru cyfrowego dla Europejskiego Sektora Kreatywnego i Kulturalnego budowanie wsp\u00f3lnej wiedzy dla po\u015brednik\u00f3w sektora i dostawc\u00f3w szkole\u0144 na temat innowacji wniesionej przez projekt w zakresie kompetencji i oferty edukacyjnej innowacja oferty szkoleniowej dla sektora w zakresie zar\u00f3wno przedsi\u0119biorczo\u015bci, jak i umiej\u0119tno\u015bci cyfrowych wk\u0142ad w europejsk\u0105 debat\u0119 na temat roli PKT w gospodarce europejskiej i ich wp\u0142ywu na spo\u0142ecze\u0144stwo.<\/p>\n<p style=\"text-align: center;\"><a class=\"btn btn-primary\" role=\"button\" href=\"https:\/\/recci.erasmus.site\/hub\/handbook\" target=\"_blank\" rel=\"noopener\">Otw\u00f3rz<\/a><\/p>\n","protected":false},"excerpt":{"rendered":"<p>PR1 Ramy Kompetencji dla Bran\u017c Kulturalnych i Kreatywnych w XXI wieku po pandemii, wyszczeg\u00f3lniaj\u0105ce i opisuj\u0105ce nowe kompetencje lub innowacje w istniej\u0105cych, potrzebne PKT po pandemii COVID. &nbsp; Otw\u00f3rz PR2 Kurs szkoleniowy, kt\u00f3ry obejmie kompetencje podkre\u015blone w Ramach Kompetencji dla specjalist\u00f3w i po\u015brednik\u00f3w z bran\u017cy tw\u00f3rczej i kulturalnej, obejmuj\u0105cy wymiar przedsi\u0119biorczo\u015bci i kompetencji cyfrowych w&hellip;&nbsp;<a href=\"https:\/\/recci.erasmus.site\/pl\/project-results\/\" rel=\"bookmark\">Dowiedz si\u0119 wi\u0119cej &raquo;<span class=\"screen-reader-text\">Rezultaty projektu<\/span><\/a><\/p>\n","protected":false},"author":1,"featured_media":0,"parent":0,"menu_order":0,"comment_status":"closed","ping_status":"closed","template":"","meta":{"neve_meta_sidebar":"","neve_meta_container":"","neve_meta_enable_content_width":"off","neve_meta_content_width":100,"neve_meta_title_alignment":"","neve_meta_author_avatar":"","neve_post_elements_order":"","neve_meta_disable_header":"","neve_meta_disable_footer":"","neve_meta_disable_title":"","footnotes":""},"class_list":["post-94","page","type-page","status-publish","hentry"],"_links":{"self":[{"href":"https:\/\/recci.erasmus.site\/pl\/wp-json\/wp\/v2\/pages\/94","targetHints":{"allow":["GET"]}}],"collection":[{"href":"https:\/\/recci.erasmus.site\/pl\/wp-json\/wp\/v2\/pages"}],"about":[{"href":"https:\/\/recci.erasmus.site\/pl\/wp-json\/wp\/v2\/types\/page"}],"author":[{"embeddable":true,"href":"https:\/\/recci.erasmus.site\/pl\/wp-json\/wp\/v2\/users\/1"}],"replies":[{"embeddable":true,"href":"https:\/\/recci.erasmus.site\/pl\/wp-json\/wp\/v2\/comments?post=94"}],"version-history":[{"count":14,"href":"https:\/\/recci.erasmus.site\/pl\/wp-json\/wp\/v2\/pages\/94\/revisions"}],"predecessor-version":[{"id":982,"href":"https:\/\/recci.erasmus.site\/pl\/wp-json\/wp\/v2\/pages\/94\/revisions\/982"}],"wp:attachment":[{"href":"https:\/\/recci.erasmus.site\/pl\/wp-json\/wp\/v2\/media?parent=94"}],"curies":[{"name":"wp","href":"https:\/\/api.w.org\/{rel}","templated":true}]}}