{"id":67,"date":"2022-04-01T07:33:08","date_gmt":"2022-04-01T07:33:08","guid":{"rendered":"https:\/\/recci.erasmus.site\/?page_id=67"},"modified":"2022-09-30T14:25:06","modified_gmt":"2022-09-30T14:25:06","slug":"about-the-project","status":"publish","type":"page","link":"https:\/\/recci.erasmus.site\/ro\/about-the-project\/","title":{"rendered":"Despre proiect"},"content":{"rendered":"<p><img fetchpriority=\"high\" decoding=\"async\" class=\"size-medium wp-image-54 alignleft\" src=\"https:\/\/recci.erasmus.site\/wp-content\/uploads\/2022\/04\/light-trails-above-buildings-300x200.jpg\" alt=\"\" width=\"300\" height=\"200\" srcset=\"https:\/\/recci.erasmus.site\/wp-content\/uploads\/2022\/04\/light-trails-above-buildings-300x200.jpg 300w, https:\/\/recci.erasmus.site\/wp-content\/uploads\/2022\/04\/light-trails-above-buildings-1024x684.jpg 1024w, https:\/\/recci.erasmus.site\/wp-content\/uploads\/2022\/04\/light-trails-above-buildings-768x513.jpg 768w, https:\/\/recci.erasmus.site\/wp-content\/uploads\/2022\/04\/light-trails-above-buildings-1536x1025.jpg 1536w, https:\/\/recci.erasmus.site\/wp-content\/uploads\/2022\/04\/light-trails-above-buildings-2048x1367.jpg 2048w\" sizes=\"(max-width: 300px) 100vw, 300px\" \/><\/p>\n<p>Industriile creative \u0219i culturale, ca pilon \u0219i catalizator al durabilit\u0103\u021bii, au un impact direct \u0219i indirect asupra dezvolt\u0103rii economice \u0219i umanitare a \u021b\u0103rilor UE. Mai ales \u00een cazurile de crize de s\u0103n\u0103tate precum COVID-19, creatorii sunt chema\u021bi s\u0103 r\u0103spund\u0103 nevoilor culturale diversificate \u0219i sporite ale societ\u0103\u021bii dar \u0219i s\u0103 le asigure viabilitatea pe c\u0103i alternative. Astfel, ast\u0103zi mai mult ca niciodat\u0103, adaptabilitatea este un catalizator care poate garanta rezilienta CCI, adic\u0103 capacitatea lor de a evolua eficient \u00een condi\u021bii \u00een schimbare, dep\u0103\u0219ind structurile dep\u0103\u0219ite sau problematice \u0219i utiliz\u00e2nd toate resursele disponibile. Pandemia de Covid-19, care a fost \u0219i este abordat\u0103, inclusiv prin izolare \u0219i evitarea \u00een consecin\u021b\u0103 a supraaglomer\u0103rii, a adus schimb\u0103ri rapide \u00een toate industriile creative \u0219i culturale, deoarece creatorii \u0219i organiza\u021biile au fost expu\u0219i la o stare cu totul nou\u0103. Noile tehnologii \u0219i internetul nu sunt doar canale complementare pentru distribuirea \u0219i promovarea muncii \u0219i activit\u0103\u021bii lor, ci, \u00een mare parte, singurele. A\u0219a cum era de a\u0219teptat, lipsa de preg\u0103tire pentru un astfel de tratat combinat\u0103 cu subfinan\u021barea statului pentru a stimula activitatea cultural\u0103, a\u0219a cum este obi\u0219nuit \u00een perioade de criz\u0103 (\u00een special crize de s\u0103n\u0103tate), a provocat jen\u0103 \u0219i, \u00een consecin\u021b\u0103, mult \u00eent\u00e2rziat\u0103 sau inexistent\u0103 adaptare prin utilizarea tehnologiei. , deci f\u0103r\u0103 rezisten\u021b\u0103. Scopul proiectului este de a instrui angaja\u021bii CCI \u00eentr-o gam\u0103 de abilit\u0103\u021bi hard &amp; soft necesare care pot satisface nevoile profesionale moderne (de exemplu, g\u00e2ndirea \u00een afaceri, abilit\u0103\u021bile digitale, crearea de re\u021bele etc.) \u0219i s\u0103 le ofere imediat \u0219i eficient instrumentele adecvate, lu\u00e2nd \u00een considerare ia \u00een considerare specificul sectorului cultural \u00een general, precum \u0219i nevoile individuale ale fiec\u0103rui sector \u00een particular.<\/p>\n<p>Proiectul \u201eRethinking Cultural &amp; Creative Industries\u201d va fi un accelerator \u00een transmiterea de noi cuno\u0219tin\u021be \u0219i dob\u00e2ndirea de competen\u021be digitale \u0219i de afaceri pentru lucr\u0103torii din sectoarele creative \u0219i culturale. Scopul s\u0103u este de a fi un exemplu de bun\u0103 practic\u0103 \u00een cultur\u0103 \u00een ceea ce prive\u0219te r\u0103spunsul eficient \u0219i imediat la crize \u0219i tranzi\u021bii \u00eentr-o er\u0103 identificat\u0103 cu viteza rapid\u0103 a schimb\u0103rii \u00een toate aspectele activit\u0103\u021bii umane.<\/p>\n","protected":false},"excerpt":{"rendered":"<p>Industriile creative \u0219i culturale, ca pilon \u0219i catalizator al durabilit\u0103\u021bii, au un impact direct \u0219i indirect asupra dezvolt\u0103rii economice \u0219i umanitare a \u021b\u0103rilor UE. Mai ales \u00een cazurile de crize de s\u0103n\u0103tate precum COVID-19, creatorii sunt chema\u021bi s\u0103 r\u0103spund\u0103 nevoilor culturale diversificate \u0219i sporite ale societ\u0103\u021bii dar \u0219i s\u0103 le asigure viabilitatea pe c\u0103i alternative.&hellip;&nbsp;<a href=\"https:\/\/recci.erasmus.site\/ro\/about-the-project\/\" rel=\"bookmark\">Cite\u0219te mai mult &raquo;<span class=\"screen-reader-text\">Despre proiect<\/span><\/a><\/p>\n","protected":false},"author":1,"featured_media":0,"parent":0,"menu_order":0,"comment_status":"closed","ping_status":"closed","template":"","meta":{"neve_meta_sidebar":"","neve_meta_container":"","neve_meta_enable_content_width":"off","neve_meta_content_width":100,"neve_meta_title_alignment":"","neve_meta_author_avatar":"","neve_post_elements_order":"","neve_meta_disable_header":"","neve_meta_disable_footer":"","neve_meta_disable_title":"","footnotes":""},"class_list":["post-67","page","type-page","status-publish","hentry"],"_links":{"self":[{"href":"https:\/\/recci.erasmus.site\/ro\/wp-json\/wp\/v2\/pages\/67","targetHints":{"allow":["GET"]}}],"collection":[{"href":"https:\/\/recci.erasmus.site\/ro\/wp-json\/wp\/v2\/pages"}],"about":[{"href":"https:\/\/recci.erasmus.site\/ro\/wp-json\/wp\/v2\/types\/page"}],"author":[{"embeddable":true,"href":"https:\/\/recci.erasmus.site\/ro\/wp-json\/wp\/v2\/users\/1"}],"replies":[{"embeddable":true,"href":"https:\/\/recci.erasmus.site\/ro\/wp-json\/wp\/v2\/comments?post=67"}],"version-history":[{"count":7,"href":"https:\/\/recci.erasmus.site\/ro\/wp-json\/wp\/v2\/pages\/67\/revisions"}],"predecessor-version":[{"id":219,"href":"https:\/\/recci.erasmus.site\/ro\/wp-json\/wp\/v2\/pages\/67\/revisions\/219"}],"wp:attachment":[{"href":"https:\/\/recci.erasmus.site\/ro\/wp-json\/wp\/v2\/media?parent=67"}],"curies":[{"name":"wp","href":"https:\/\/api.w.org\/{rel}","templated":true}]}}