{"id":87,"date":"2022-04-01T07:45:01","date_gmt":"2022-04-01T07:45:01","guid":{"rendered":"https:\/\/recci.erasmus.site\/?page_id=87"},"modified":"2022-09-30T14:34:46","modified_gmt":"2022-09-30T14:34:46","slug":"partnership","status":"publish","type":"page","link":"https:\/\/recci.erasmus.site\/ro\/partnership\/","title":{"rendered":"Parteneri"},"content":{"rendered":"<h3 style=\"text-align: center;\"><img fetchpriority=\"high\" decoding=\"async\" class=\"size-medium wp-image-79 aligncenter\" src=\"https:\/\/recci.erasmus.site\/wp-content\/uploads\/2022\/04\/cda-300x300.png\" alt=\"\" width=\"300\" height=\"300\" srcset=\"https:\/\/recci.erasmus.site\/wp-content\/uploads\/2022\/04\/cda.png 300w, https:\/\/recci.erasmus.site\/wp-content\/uploads\/2022\/04\/cda-150x150.png 150w\" sizes=\"(max-width: 300px) 100vw, 300px\" \/><br \/>\nCentrul de Dezvltare Arad ( CDA) coordonator proiect<\/h3>\n<p>Centrul de Dezvoltare Arad (CDA) este o Asocia\u021bie neguvernamental\u0103 \u0219i de acoperire regional\u0103. CDA \u00ee\u0219i propune s\u0103 sus\u021bin\u0103 dezvoltarea regiunii prin organizarea de activit\u0103\u021bi de promovare, consultan\u021b\u0103, educa\u021bie, servicii \u0219i evenimente, acces la finan\u021bare \u0219i implementare de proiecte cu finan\u021bare grant, cooperare local\u0103, teritoriu regional sau european. CDA Arad a fost \u00eenfiin\u021bat\u0103 \u00een baza \u00eencheierii nr. 7901 de Curtea Jude\u021bean\u0103 Arad Arad la data de 12.11.2012 (temeiul legal este Ordonan\u021ba Guvernului 26\/2000 privind asocia\u021biile \u0219i funda\u021biile).<\/p>\n<p>CDA ofer\u0103:<\/p>\n<p>sprijin pentru promovarea serviciului comunitar, consultan\u021b\u0103,<br \/>\neduca\u021bie, servicii \u0219i evenimente,<br \/>\naccesul \u0219i implementarea proiectelor granturi finan\u021bate, sprijinirea parteneriatelor public-privat (PPP),<br \/>\nsus\u021bine \u00eentreprinderea social\u0103,<br \/>\ntransferul de tehnologie \u0219i pia\u021ba obliga\u021biunilor,<br \/>\nInstruire,<br \/>\nrecalificare si reorientare.<br \/>\nAsocia\u021bia este un partener activ \u00een evaluarea, dezvoltarea \u0219i implementarea strategiilor de dezvoltare local\u0103 \u0219i regional\u0103, transferul de know-how c\u0103tre parteneriatele economice \u00een proiecte durabile care se concentreaz\u0103<\/p>\n<p>privind exploatarea resurselor regenerabile, responsabilitatea social\u0103 \u0219i dezvoltarea culturii.<\/p>\n<p>\u00cen calitate de partener sau lider, am dezvoltat multe proiecte UE, precum COSME, granturi SEE, Erasmus+, \u00een domeniul antreprenoriatului, protec\u021biei mediului, con\u0219tientiz\u0103rii comunit\u0103\u021bii \u0219i educa\u021biei. Suntem parteneri \u00een diseminarea informa\u021biilor despre Orizont 2020, Programul Na\u021bional pentru Agricultur\u0103 \u0219i Dezvoltare Rural\u0103, organizarea de evenimente de intermediere \u0219i misiuni ale companiei.<\/p>\n<p>Site: <a href=\"http:\/\/aradcda.ro\" target=\"_blank\" rel=\"noopener\">www.aradcda.ro<\/a><\/p>\n<hr \/>\n<p><img decoding=\"async\" class=\"size-medium wp-image-80 aligncenter\" src=\"https:\/\/recci.erasmus.site\/wp-content\/uploads\/2022\/04\/matera-300x300.png\" alt=\"\" width=\"300\" height=\"300\" srcset=\"https:\/\/recci.erasmus.site\/wp-content\/uploads\/2022\/04\/matera.png 300w, https:\/\/recci.erasmus.site\/wp-content\/uploads\/2022\/04\/matera-150x150.png 150w\" sizes=\"(max-width: 300px) 100vw, 300px\" \/><\/p>\n<p>Materahub gestioneaz\u0103 proiecte pilot interna\u021bionale pentru a sprijini industriile culturale \u0219i creative, \u00eencuraj\u00e2nd procesele de inovare \u0219i incluziune \u0219i o nou\u0103 viziune antreprenorial\u0103 pentru a face fa\u021b\u0103 provoc\u0103rilor contemporane.<\/p>\n<p>Materahub organizeaz\u0103 mai multe activit\u0103\u021bi interna\u021bionale de consolidare a capacit\u0103\u021bilor, care vizeaz\u0103 \u00eent\u00e2lnirea \u0219i contaminarea abilit\u0103\u021bilor \u00eentre exper\u021bi locali \u0219i interna\u021bionali, antreprenori \u0219i factori de decizie. Sunt proiecte finan\u021bate prin programele europene Erasmus+, Cosme, Interreg, Horizion 2020 etc.<\/p>\n<p>Din 2010, Materahub este Organiza\u021bia Intermediar\u0103 a programului European Erasmus pentru Tineri Antreprenori; din 2014 este gazda italian\u0103 a Creative Business Cup, singura competi\u021bie interna\u021bional\u0103 dedicat\u0103 industriilor culturale \u0219i creative.<\/p>\n<p>Materahub este membru al Districtului Creativ Puglia \u0219i face parte din clusterul Industriilor Culturale \u0219i Creative Basilicata Creativa. Consor\u021biul este inclus \u0219i \u00een re\u021beaua interna\u021bional\u0103 CARP care promoveaz\u0103 trasee culturale pe arta preistoric\u0103 a Consiliului Europei.<\/p>\n<p>Site: <a href=\"http:\/\/www.materahub.com\" target=\"_blank\" rel=\"noopener\">www.materahub.com<\/a><\/p>\n<hr \/>\n<p><img decoding=\"async\" class=\"size-medium wp-image-81 aligncenter\" src=\"https:\/\/recci.erasmus.site\/wp-content\/uploads\/2022\/04\/bizrupt-300x300.png\" alt=\"\" width=\"300\" height=\"300\" srcset=\"https:\/\/recci.erasmus.site\/wp-content\/uploads\/2022\/04\/bizrupt.png 300w, https:\/\/recci.erasmus.site\/wp-content\/uploads\/2022\/04\/bizrupt-150x150.png 150w\" sizes=\"(max-width: 300px) 100vw, 300px\" \/><br \/>\nBizrupt este o organiza\u021bie non-profit cu sediul pe insula Creta, Grecia. Din 2017 a fost un catalizator local de inovare prin crearea celei mai mari comunit\u0103\u021bi antreprenoriale \u0219i prin organizarea a dou\u0103 dintre cele mai cunoscute evenimente antreprenoriale din Creta. Viziunea lui Bizrup este de a crea un ecosistem robust de inovare \u0219i antreprenoriat \u00een Grecia pentru a avea o dezvoltare continu\u0103 \u0219i durabil\u0103 pentru un viitor mai bun. Acesta \u00ee\u0219i propune s\u0103 acopere nevoile de informare, formare \u0219i \u00eemputernicire ale fiec\u0103rui antreprenor poten\u021bial \u0219i existent, s\u0103 recompenseze e\u0219ecul la nivel profesional \u0219i s\u0103 sprijine ecosistemele locale similare din alte \u021b\u0103ri europene.<br \/>\nBizrupt este partener al \u201ePrince\u2019s Trust International\u201d pentru regiunea cretan\u0103 pentru a planifica \u0219i implementa at\u00e2t programe de antreprenoriat, c\u00e2t \u0219i de angajare pentru tineri. Mai mult, Bizrupt are un parteneriat cu \u201eALBA Graduate Business School, The American College of Greece\u201d pentru a implementa programul antreprenorial \u201eVentureGardnen\u201d pentru ora\u0219ul Heraklion \u0219i \u201eUniversitatea din Creta\u201d pentru a planifica \u0219i implementa un program de consolidare a capacit\u0103\u021bilor pentru tineri. cercet\u0103tori privind comercializarea cercet\u0103rii.<\/p>\n<p>Site: <a href=\"https:\/\/bizrupt.gr\" target=\"_blank\" rel=\"noopener\">www.bizrupt.gr<\/a><\/p>\n<hr \/>\n<p><img loading=\"lazy\" decoding=\"async\" class=\"size-medium wp-image-82 aligncenter\" src=\"https:\/\/recci.erasmus.site\/wp-content\/uploads\/2022\/04\/danmar-300x300.png\" alt=\"\" width=\"300\" height=\"300\" srcset=\"https:\/\/recci.erasmus.site\/wp-content\/uploads\/2022\/04\/danmar.png 300w, https:\/\/recci.erasmus.site\/wp-content\/uploads\/2022\/04\/danmar-150x150.png 150w\" sizes=\"(max-width: 300px) 100vw, 300px\" \/><\/p>\n<p>Danmar Computers LLC este o companie privat\u0103 care activeaz\u0103 \u00een domeniul Tehnologiei Informa\u021biei \u0219i ofer\u0103 preg\u0103tire profesional\u0103 \u00een acest domeniu. Danmar are o vast\u0103 experien\u021b\u0103 \u00een dezvoltarea de aplica\u021bii web \u0219i mobile moderne care sunt utilizate \u00een scopuri educa\u021bionale. Danmar are, de asemenea, o experien\u021b\u0103 de lung\u0103 durat\u0103 \u00een realizarea de proiecte europene \u00een cadrul c\u0103rora personalul de cercetare \u0219i dezvoltare al companiei efectueaz\u0103 cercet\u0103ri \u0219i preg\u0103te\u0219te formare adaptat\u0103 nevoilor diver\u0219ilor cursan\u021bi. Danmar a implementat cu succes peste 90 de proiecte \u00een cadrul Grundtvig, Leonardo da Vinci, Progress \u0219i recent Erasmus+.<\/p>\n<p>\u00cen multe dintre aceste proiecte, Danmar a fost responsabil pentru proiectarea \u0219i coordonarea strategiilor de diseminare. Danmar Computers este dezvoltatorul \u0219i furnizorul AdminProject, sistemul on-line de management al proiectelor europene. Toate activitatile companiei se bazeaza pe o retea larga si bine stabilita de cooperare, atat la nivel national cat si international. Re\u021belele na\u021bionale includ institu\u021bii de formare \u0219i consiliere, universit\u0103\u021bi, \u0219coli, organiza\u021bii neguvernamentale, precum \u0219i companii din sectorul privat. Re\u021beaua interna\u021bional\u0103 include parteneri de diferite profiluri care provin din fiecare \u021bar\u0103 a Uniunii Europene. Misiunea Danmar Computer este promovarea educa\u021biei pe tot parcursul vie\u021bii \u0219i asigurarea accesului egal la educa\u021bie pentru toat\u0103 lumea prin utilizarea tehnologiei moderne.<\/p>\n<p>Site <a href=\"http:\/\/www.danmar-computers.com.pl\/en\/\" target=\"_blank\" rel=\"noopener\">www.danmar-computers.com.pl\/en\/<\/a><\/p>\n<hr \/>\n<p><img loading=\"lazy\" decoding=\"async\" class=\"size-medium wp-image-83 aligncenter\" src=\"https:\/\/recci.erasmus.site\/wp-content\/uploads\/2022\/04\/artyfarty-300x300.png\" alt=\"\" width=\"300\" height=\"300\" srcset=\"https:\/\/recci.erasmus.site\/wp-content\/uploads\/2022\/04\/artyfarty.png 300w, https:\/\/recci.erasmus.site\/wp-content\/uploads\/2022\/04\/artyfarty-150x150.png 150w\" sizes=\"(max-width: 300px) 100vw, 300px\" \/><\/p>\n<p>N\u0103scut \u00een 1999 la Lyon, Arty Farty este o asocia\u021bie non-profit, european\u0103 \u0219i complet independent\u0103, care serve\u0219te tinerilor, culturilor inovatoare, re\u00eennoirii democratice \u0219i interesului general. Domeniile de interven\u021bie ale lui Arty Farty sunt: antreprenoriat cultural, muzic\u0103, dezbateri, idei \u0219i forumuri de conferin\u021be, evenimente, sprijin pentru proiecte culturale \u0219i chiar alimenta\u021bie.<\/p>\n<p>\u00cen aceast\u0103 perspectiv\u0103, Arty Farty creeaz\u0103 \u0219i produce evenimente, \u00een special festivalul Nuits Sonores la Lyon (din 2003), la Bruxelles \u0219i Bogota (din 2017), forumul European Lab din Lyon (din 2011) \u0219i la Bruxelles (din 2017) \u0219i forumul European Lab Winter de la Paris, ca parte a La nuit des id\u00e9es din 2015.<\/p>\n<p>\u00cen cele din urm\u0103, Arty Farty a creat H\u00f4tel71, primul hub creativ din Lyon. Un adev\u0103rat spa\u021biu de lucru \u0219i dezbatere, inovare \u0219i fertilizare \u00eencruci\u0219at\u0103, H\u00f4tel71 este un instrument de transmitere a cuno\u0219tin\u021belor \u0219i de punere \u00een re\u021bea a oamenilor, structurilor \u0219i resurselor pentru a inventa, sus\u021bine \u0219i dezvolta proiecte \u00een domeniul industriilor culturale \u0219i creative.<\/p>\n","protected":false},"excerpt":{"rendered":"<p>Centrul de Dezvltare Arad ( CDA) coordonator proiect Centrul de Dezvoltare Arad (CDA) este o Asocia\u021bie neguvernamental\u0103 \u0219i de acoperire regional\u0103. CDA \u00ee\u0219i propune s\u0103 sus\u021bin\u0103 dezvoltarea regiunii prin organizarea de activit\u0103\u021bi de promovare, consultan\u021b\u0103, educa\u021bie, servicii \u0219i evenimente, acces la finan\u021bare \u0219i implementare de proiecte cu finan\u021bare grant, cooperare local\u0103, teritoriu regional sau european.&hellip;&nbsp;<a href=\"https:\/\/recci.erasmus.site\/ro\/partnership\/\" rel=\"bookmark\">Cite\u0219te mai mult &raquo;<span class=\"screen-reader-text\">Parteneri<\/span><\/a><\/p>\n","protected":false},"author":1,"featured_media":0,"parent":0,"menu_order":0,"comment_status":"closed","ping_status":"closed","template":"","meta":{"neve_meta_sidebar":"","neve_meta_container":"","neve_meta_enable_content_width":"off","neve_meta_content_width":100,"neve_meta_title_alignment":"","neve_meta_author_avatar":"","neve_post_elements_order":"","neve_meta_disable_header":"","neve_meta_disable_footer":"","neve_meta_disable_title":"","footnotes":""},"class_list":["post-87","page","type-page","status-publish","hentry"],"_links":{"self":[{"href":"https:\/\/recci.erasmus.site\/ro\/wp-json\/wp\/v2\/pages\/87","targetHints":{"allow":["GET"]}}],"collection":[{"href":"https:\/\/recci.erasmus.site\/ro\/wp-json\/wp\/v2\/pages"}],"about":[{"href":"https:\/\/recci.erasmus.site\/ro\/wp-json\/wp\/v2\/types\/page"}],"author":[{"embeddable":true,"href":"https:\/\/recci.erasmus.site\/ro\/wp-json\/wp\/v2\/users\/1"}],"replies":[{"embeddable":true,"href":"https:\/\/recci.erasmus.site\/ro\/wp-json\/wp\/v2\/comments?post=87"}],"version-history":[{"count":7,"href":"https:\/\/recci.erasmus.site\/ro\/wp-json\/wp\/v2\/pages\/87\/revisions"}],"predecessor-version":[{"id":222,"href":"https:\/\/recci.erasmus.site\/ro\/wp-json\/wp\/v2\/pages\/87\/revisions\/222"}],"wp:attachment":[{"href":"https:\/\/recci.erasmus.site\/ro\/wp-json\/wp\/v2\/media?parent=87"}],"curies":[{"name":"wp","href":"https:\/\/api.w.org\/{rel}","templated":true}]}}