{"id":94,"date":"2022-04-01T07:56:32","date_gmt":"2022-04-01T07:56:32","guid":{"rendered":"https:\/\/recci.erasmus.site\/?page_id=94"},"modified":"2024-03-13T14:59:07","modified_gmt":"2024-03-13T14:59:07","slug":"project-results","status":"publish","type":"page","link":"https:\/\/recci.erasmus.site\/ro\/project-results\/","title":{"rendered":"Rezultatele proiectului"},"content":{"rendered":"<p>PR1 Cadrul de competen\u021be pentru industriile culturale \u0219i creative \u00een scenariul post-pandemie al secolului al XXI-lea, care detaliaz\u0103 \u0219i descrie noile competen\u021be sau inova\u021bii \u00een cele existente necesare ICC dup\u0103 pandemia de COVID.<\/p>\n<p><div style=\"width: 1200px;\" class=\"wp-video\"><video class=\"wp-video-shortcode\" id=\"video-94-1\" width=\"1200\" height=\"675\" preload=\"metadata\" controls=\"controls\"><source type=\"video\/mp4\" src=\"https:\/\/recci.erasmus.site\/wp-content\/uploads\/2024\/03\/Competence-Framework-for-CCI-Professionals-NEW.mp4?_=1\" \/><a href=\"https:\/\/recci.erasmus.site\/wp-content\/uploads\/2024\/03\/Competence-Framework-for-CCI-Professionals-NEW.mp4\">https:\/\/recci.erasmus.site\/wp-content\/uploads\/2024\/03\/Competence-Framework-for-CCI-Professionals-NEW.mp4<\/a><\/video><\/div><br \/>\n&nbsp;<\/p>\n<p style=\"text-align: center;\"><a class=\"btn btn-primary\" role=\"button\" href=\"https:\/\/recci.erasmus.site\/hub\/framework\" target=\"_blank\" rel=\"noopener\">Deschide\u021bi<\/a><\/p>\n<hr \/>\n<p>Curs de formare PR2 care va acoperi competen\u021bele eviden\u021biate \u00een Cadrul de competen\u021be pentru profesioni\u0219tii din industriile creative \u0219i culturale \u0219i intermediari pentru a acoperi dimensiunea antreprenoriatului \u0219i a competen\u021belor digitale pentru rezilien\u021b\u0103 \u0219i inovare.<\/p>\n<p style=\"text-align: center;\"><a class=\"btn btn-primary\" role=\"button\" href=\"https:\/\/recci.erasmus.site\/hub\/training\" target=\"_blank\" rel=\"noopener\">Deschide\u021bi<\/a><\/p>\n<hr \/>\n<p>PR3 Un centru de \u00eenv\u0103\u021bare pentru profesioni\u0219tii creativi \u0219i culturali pentru a g\u0103si elemente, dar \u0219i oportunit\u0103\u021bi de a face schimb cu al\u021bi juc\u0103tori \u0219i actori ai sectorului experien\u021bele, know-how-ul \u0219i pentru ca furnizorii de formare s\u0103 contribuie la o cunoa\u0219tere comun\u0103 cu propriile instrumente \u0219i metode de formare pentru sector.<\/p>\n<p style=\"text-align: center;\"><a class=\"btn btn-primary\" role=\"button\" href=\"https:\/\/recci.erasmus.site\/hub\" target=\"_blank\" rel=\"noopener\">Deschide\u021bi<\/a><\/p>\n<hr \/>\n<p>PR4 Un manual care permite celor care vor aborda instruirea f\u0103r\u0103 sprijinul parteneriatului s\u0103 poat\u0103 planifica, organiza, oferi o sesiune de instruire individual sau pentru grupuri. Intangibilele sunt legate de impactul pe care proiectul \u00eel va genera asupra grupului \u021bint\u0103 principal \u0219i a altor p\u0103r\u021bi interesate care urmeaz\u0103 s\u0103 fie implicate \u0219i \u00een special: cre\u0219terea gradului de con\u0219tientizare cu privire la nevoile unui sector creativ \u0219i cultural mai antreprenorial \u0219i digital; cre\u0219terea competen\u021belor \u00een antreprenoriat \u0219i dimensiunea digital\u0103 pentru Sectorul Creativ \u0219i Cultural European construirea unei cuno\u0219tin\u021be comune pentru intermediarii din sector \u0219i furnizorii de formare cu privire la inova\u021bia adus\u0103 de proiect \u00een ceea ce prive\u0219te competen\u021bele \u0219i oferta de \u00eenv\u0103\u021bare inovarea ofertei de formare pentru sector at\u00e2t pe plan antreprenorial, c\u00e2t \u0219i Contribu\u021bia alfabetiz\u0103rii digitale la dezbaterea european\u0103 privind rolul ICC \u00een economia european\u0103 \u0219i impactul acestora asupra societ\u0103\u021bii.<\/p>\n<p style=\"text-align: center;\"><a class=\"btn btn-primary\" role=\"button\" href=\"https:\/\/recci.erasmus.site\/hub\/handbook\" target=\"_blank\" rel=\"noopener\">Deschide\u021bi<\/a><\/p>\n","protected":false},"excerpt":{"rendered":"<p>PR1 Cadrul de competen\u021be pentru industriile culturale \u0219i creative \u00een scenariul post-pandemie al secolului al XXI-lea, care detaliaz\u0103 \u0219i descrie noile competen\u021be sau inova\u021bii \u00een cele existente necesare ICC dup\u0103 pandemia de COVID. &nbsp; Deschide\u021bi Curs de formare PR2 care va acoperi competen\u021bele eviden\u021biate \u00een Cadrul de competen\u021be pentru profesioni\u0219tii din industriile creative \u0219i culturale&hellip;&nbsp;<a href=\"https:\/\/recci.erasmus.site\/ro\/project-results\/\" rel=\"bookmark\">Cite\u0219te mai mult &raquo;<span class=\"screen-reader-text\">Rezultatele proiectului<\/span><\/a><\/p>\n","protected":false},"author":1,"featured_media":0,"parent":0,"menu_order":0,"comment_status":"closed","ping_status":"closed","template":"","meta":{"neve_meta_sidebar":"","neve_meta_container":"","neve_meta_enable_content_width":"off","neve_meta_content_width":100,"neve_meta_title_alignment":"","neve_meta_author_avatar":"","neve_post_elements_order":"","neve_meta_disable_header":"","neve_meta_disable_footer":"","neve_meta_disable_title":"","footnotes":""},"class_list":["post-94","page","type-page","status-publish","hentry"],"_links":{"self":[{"href":"https:\/\/recci.erasmus.site\/ro\/wp-json\/wp\/v2\/pages\/94","targetHints":{"allow":["GET"]}}],"collection":[{"href":"https:\/\/recci.erasmus.site\/ro\/wp-json\/wp\/v2\/pages"}],"about":[{"href":"https:\/\/recci.erasmus.site\/ro\/wp-json\/wp\/v2\/types\/page"}],"author":[{"embeddable":true,"href":"https:\/\/recci.erasmus.site\/ro\/wp-json\/wp\/v2\/users\/1"}],"replies":[{"embeddable":true,"href":"https:\/\/recci.erasmus.site\/ro\/wp-json\/wp\/v2\/comments?post=94"}],"version-history":[{"count":14,"href":"https:\/\/recci.erasmus.site\/ro\/wp-json\/wp\/v2\/pages\/94\/revisions"}],"predecessor-version":[{"id":982,"href":"https:\/\/recci.erasmus.site\/ro\/wp-json\/wp\/v2\/pages\/94\/revisions\/982"}],"wp:attachment":[{"href":"https:\/\/recci.erasmus.site\/ro\/wp-json\/wp\/v2\/media?parent=94"}],"curies":[{"name":"wp","href":"https:\/\/api.w.org\/{rel}","templated":true}]}}